{"id":1224,"date":"2018-02-15T14:32:14","date_gmt":"2018-02-15T14:32:14","guid":{"rendered":"http:\/\/aromaticus.ch\/produit\/atelier\/"},"modified":"2020-05-20T14:59:48","modified_gmt":"2020-05-20T14:59:48","slug":"atelier","status":"publish","type":"product","link":"https:\/\/aromaticus.ch\/fr\/produit\/atelier\/","title":{"rendered":"Pr\u00e9paration d&rsquo;huiles essentielles et d&rsquo;hydrolats par distillation \u00e0 la vapeur d&rsquo;eau"},"content":{"rendered":"<p><strong>Dur\u00e9e des cours<\/strong><\/p>\n<p>1 \u00bd Jours<\/p>\n<p>Samedi de 14h00 \u00e0 18h00 (th\u00e9orie)<\/p>\n<p>Dimanche de 09:30 &#8211; 17:00 (pratique)<\/p>\n<p><strong>Contenus des cours<\/strong><\/p>\n<p><strong>Jour 1 : Th\u00e9orie<\/strong><\/p>\n<ul>\n<li>Que sont les huiles essentielles ?<\/li>\n<li>Que sont les hydrolats ?<\/li>\n<li>Ce qui est facile \u00e0 distiller<\/li>\n<li>Pr\u00e9paration des plantes<\/li>\n<li>Les diff\u00e9rents proc\u00e9d\u00e9s de fabrication<\/li>\n<li>Qu&rsquo;est-ce qu&rsquo;il y a comme diff\u00e9rentes distilleries ?<\/li>\n<li>Distillation \u00e0 la vapeur<\/li>\n<li>Contr\u00f4le qualit\u00e9<\/li>\n<li>Diff\u00e9rentes options de traitement<\/li>\n<\/ul>\n<p><strong>Jour 2 : Pratique<\/strong><\/p>\n<p>Vous distillerez vos propres 2 huiles essentielles et hydrolats dans une distillerie que nous avons reconstruite et qui est disponible pour le cours.<\/p>\n<p><strong>Ce que vous devez apporter avec vous<\/strong><\/p>\n<p>Quelques millilitres de motivation et de bonne humeur<\/p>\n<p>Sur demande, votre propre distillat du jardin (veuillez contacter le directeur du cours \u00e0 l&rsquo;avance).<\/p>\n<p>Remise d&rsquo;un certificat \u00e0 la fin du cours<\/p>\n<p>&nbsp;<\/p>\n","protected":false},"excerpt":{"rendered":"<p>Prix par personne<\/p>\n<p><strong>Objectifs<\/strong><\/p>\n<p>En petits groupes (max. 6 personnes), vous apprendrez les bases th\u00e9oriques et pratiques de la production d&rsquo;huiles essentielles et d&rsquo;hydrolats.<\/p>\n<p>Toutes personnes int\u00e9ress\u00e9s.<\/p>\n","protected":false},"featured_media":1151,"comment_status":"open","ping_status":"closed","template":"","meta":[],"product_brand":[],"product_cat":[82],"product_tag":[],"class_list":{"0":"post-1224","1":"product","2":"type-product","3":"status-publish","4":"has-post-thumbnail","6":"product_cat-atelier","7":"description-off","9":"first","10":"instock","11":"shipping-taxable","12":"purchasable","13":"product-type-variable"},"_links":{"self":[{"href":"https:\/\/aromaticus.ch\/fr\/wp-json\/wp\/v2\/product\/1224","targetHints":{"allow":["GET"]}}],"collection":[{"href":"https:\/\/aromaticus.ch\/fr\/wp-json\/wp\/v2\/product"}],"about":[{"href":"https:\/\/aromaticus.ch\/fr\/wp-json\/wp\/v2\/types\/product"}],"replies":[{"embeddable":true,"href":"https:\/\/aromaticus.ch\/fr\/wp-json\/wp\/v2\/comments?post=1224"}],"wp:featuredmedia":[{"embeddable":true,"href":"https:\/\/aromaticus.ch\/fr\/wp-json\/wp\/v2\/media\/1151"}],"wp:attachment":[{"href":"https:\/\/aromaticus.ch\/fr\/wp-json\/wp\/v2\/media?parent=1224"}],"wp:term":[{"taxonomy":"product_brand","embeddable":true,"href":"https:\/\/aromaticus.ch\/fr\/wp-json\/wp\/v2\/product_brand?post=1224"},{"taxonomy":"product_cat","embeddable":true,"href":"https:\/\/aromaticus.ch\/fr\/wp-json\/wp\/v2\/product_cat?post=1224"},{"taxonomy":"product_tag","embeddable":true,"href":"https:\/\/aromaticus.ch\/fr\/wp-json\/wp\/v2\/product_tag?post=1224"}],"curies":[{"name":"wp","href":"https:\/\/api.w.org\/{rel}","templated":true}]}}