{"id":1955,"date":"2018-11-30T11:37:34","date_gmt":"2018-12-10T09:59:31","guid":{"rendered":"http:\/\/aromaticus.ch\/?post_type=product&#038;p=1955"},"modified":"2018-12-10T10:11:23","modified_gmt":"2018-12-10T10:11:23","slug":"anis-bio","status":"publish","type":"product","link":"https:\/\/aromaticus.ch\/fr\/produit\/anis-bio\/","title":{"rendered":"Anis BIO"},"content":{"rendered":"<p>100% Huiles essentielles pure et naturelle<\/p>\n<p><strong>Nom botanique:<\/strong> Pimpinella anisum<\/p>\n<p><strong>100% pure naturelle<\/strong> &#8211; Garanti f\u00fcr qualit\u00e9 BIO maximale<\/p>\n<p><strong>CH-BIO 006<\/strong><\/p>\n<p><strong>Profil de l&rsquo;odeur:<\/strong> l\u00e9g\u00e8rement sucr\u00e9e, chaud, doux<br \/>\n<strong>Sujet de l&rsquo;odeur:<\/strong> d\u00e9contracte, produit un atmosph\u00e8re de s\u00e9curit\u00e9, fait des beaux r\u00eaves.<br \/>\n<strong>Se m\u00e9lange bien avec:<\/strong> Fenouille, Cardamom, Cannelle, Gingembre<\/p>\n<p><strong>Provenance:<\/strong> Egypte<br \/>\n<strong>Qualit\u00e9:<\/strong>\u00a0Production biologique contr\u00f4l\u00e9e<br \/>\n<strong>Partie de la plante:<\/strong> graines<br \/>\n<strong>Extraction:<\/strong> Distillation \u00e0 la vapeur d&rsquo;eau<br \/>\n<strong>Contenue: <\/strong>5 ml<\/p>\n<p><strong>Ne pas employer l\u2019huile essentielle pendant la grossesse.<\/strong><\/p>\n<p><strong>Application:<\/strong>\u00a0Pour les soins aromatiques et comme parfum d\u2019ambiance. Pour les usages en aromath\u00e9rapie, veuillez consulter les ouvrages sp\u00e9cialis\u00e9 ou demander v\u00f4tre Droguiste ou Pharmacien.<\/p>\n","protected":false},"excerpt":{"rendered":"<p>100% Huiles essentielles pure et naturelle Nom botanique: Pimpinella anisum 100% pure naturelle &#8211; Garanti f\u00fcr qualit\u00e9 BIO maximale CH-BIO 006 Profil de l&rsquo;odeur: l\u00e9g\u00e8rement sucr\u00e9e, chaud, doux Sujet de l&rsquo;odeur: d\u00e9contracte, produit un atmosph\u00e8re de s\u00e9curit\u00e9, fait des beaux r\u00eaves. Se m\u00e9lange bien avec: Fenouille, Cardamom, Cannelle, Gingembre Provenance: Egypte Qualit\u00e9:\u00a0Production biologique contr\u00f4l\u00e9e Partie&hellip;<\/p>\n","protected":false},"featured_media":1463,"comment_status":"open","ping_status":"closed","template":"","meta":[],"product_brand":[],"product_cat":[115,77],"product_tag":[],"class_list":{"0":"post-1955","1":"product","2":"type-product","3":"status-publish","4":"has-post-thumbnail","6":"product_cat-huiles-essentielles-fr","7":"product_cat-huiles-essentielles","8":"description-off","10":"first","11":"instock","12":"shipping-taxable","13":"purchasable","14":"product-type-simple"},"_links":{"self":[{"href":"https:\/\/aromaticus.ch\/fr\/wp-json\/wp\/v2\/product\/1955","targetHints":{"allow":["GET"]}}],"collection":[{"href":"https:\/\/aromaticus.ch\/fr\/wp-json\/wp\/v2\/product"}],"about":[{"href":"https:\/\/aromaticus.ch\/fr\/wp-json\/wp\/v2\/types\/product"}],"replies":[{"embeddable":true,"href":"https:\/\/aromaticus.ch\/fr\/wp-json\/wp\/v2\/comments?post=1955"}],"wp:featuredmedia":[{"embeddable":true,"href":"https:\/\/aromaticus.ch\/fr\/wp-json\/wp\/v2\/media\/1463"}],"wp:attachment":[{"href":"https:\/\/aromaticus.ch\/fr\/wp-json\/wp\/v2\/media?parent=1955"}],"wp:term":[{"taxonomy":"product_brand","embeddable":true,"href":"https:\/\/aromaticus.ch\/fr\/wp-json\/wp\/v2\/product_brand?post=1955"},{"taxonomy":"product_cat","embeddable":true,"href":"https:\/\/aromaticus.ch\/fr\/wp-json\/wp\/v2\/product_cat?post=1955"},{"taxonomy":"product_tag","embeddable":true,"href":"https:\/\/aromaticus.ch\/fr\/wp-json\/wp\/v2\/product_tag?post=1955"}],"curies":[{"name":"wp","href":"https:\/\/api.w.org\/{rel}","templated":true}]}}