{"id":1959,"date":"2018-11-30T10:48:05","date_gmt":"2018-11-30T10:48:05","guid":{"rendered":"http:\/\/aromaticus.ch\/produkt\/zirbelkiefer-arve-bio-schweiz\/"},"modified":"2021-06-27T23:01:25","modified_gmt":"2021-06-27T23:01:25","slug":"zirbelkiefer-arve-bio-schweiz","status":"publish","type":"product","link":"https:\/\/aromaticus.ch\/fr\/produit\/zirbelkiefer-arve-bio-schweiz\/","title":{"rendered":"Pin cembra de suisse bio"},"content":{"rendered":"<p>100% Huile essentielle pure et naturelle<\/p>\n<p><strong>Nom botanique:<\/strong> Pinus cembra<\/p>\n<p><strong>100% pure et naturelle\u00a0<\/strong>&#8211; Garanti une qualit\u00e9 bio maximale<\/p>\n<p><strong>CH-BIO 006<\/strong><\/p>\n<p><strong>Profil de l\u2019odeur:<\/strong>\u00a0chaud, bois\u00e9, fort<\/p>\n<p><strong>Sujet du parfum:\u00a0<\/strong>renforcement, tonique, encourageant, bon pour le syst\u00e8me r\u00e9spiratoire<\/p>\n<p><strong>Provenance:\u00a0<\/strong>Suisse<\/p>\n<p><strong>Qualit\u00e9:<\/strong> Production biologique contr\u00f4l\u00e9e<\/p>\n<p><strong>Partie de la plante:<\/strong> branche, aiguilles<\/p>\n<p><strong>Extraction:<\/strong> Distillation \u00e0 la vapeur d&rsquo;eau<\/p>\n<p><strong>Contenue:<\/strong> 5 ml<\/p>\n<p><strong>Application:\u00a0<\/strong>Pour les soins aromtiques et comme parfum d\u2019ambiance. Pour les usages en aromath\u00e9rapie, veuillez consulter les ouvrages sp\u00e9cialis\u00e9 ou demander v\u00f4tre Droguiste ou Pharmacien.<\/p>\n<p>&nbsp;<\/p>\n","protected":false},"excerpt":{"rendered":"<p>100% Huile essentielle pure et naturelle Nom botanique: Pinus cembra 100% pure et naturelle\u00a0&#8211; Garanti une qualit\u00e9 bio maximale CH-BIO 006 Profil de l\u2019odeur:\u00a0chaud, bois\u00e9, fort Sujet du parfum:\u00a0renforcement, tonique, encourageant, bon pour le syst\u00e8me r\u00e9spiratoire Provenance:\u00a0Suisse Qualit\u00e9: Production biologique contr\u00f4l\u00e9e Partie de la plante: branche, aiguilles Extraction: Distillation \u00e0 la vapeur d&rsquo;eau Contenue: 5&hellip;<\/p>\n","protected":false},"featured_media":1868,"comment_status":"open","ping_status":"closed","template":"","meta":[],"product_brand":[],"product_cat":[115,77],"product_tag":[],"class_list":{"0":"post-1959","1":"product","2":"type-product","3":"status-publish","4":"has-post-thumbnail","6":"product_cat-huiles-essentielles-fr","7":"product_cat-huiles-essentielles","8":"description-off","10":"first","11":"outofstock","12":"shipping-taxable","13":"purchasable","14":"product-type-simple"},"_links":{"self":[{"href":"https:\/\/aromaticus.ch\/fr\/wp-json\/wp\/v2\/product\/1959","targetHints":{"allow":["GET"]}}],"collection":[{"href":"https:\/\/aromaticus.ch\/fr\/wp-json\/wp\/v2\/product"}],"about":[{"href":"https:\/\/aromaticus.ch\/fr\/wp-json\/wp\/v2\/types\/product"}],"replies":[{"embeddable":true,"href":"https:\/\/aromaticus.ch\/fr\/wp-json\/wp\/v2\/comments?post=1959"}],"wp:featuredmedia":[{"embeddable":true,"href":"https:\/\/aromaticus.ch\/fr\/wp-json\/wp\/v2\/media\/1868"}],"wp:attachment":[{"href":"https:\/\/aromaticus.ch\/fr\/wp-json\/wp\/v2\/media?parent=1959"}],"wp:term":[{"taxonomy":"product_brand","embeddable":true,"href":"https:\/\/aromaticus.ch\/fr\/wp-json\/wp\/v2\/product_brand?post=1959"},{"taxonomy":"product_cat","embeddable":true,"href":"https:\/\/aromaticus.ch\/fr\/wp-json\/wp\/v2\/product_cat?post=1959"},{"taxonomy":"product_tag","embeddable":true,"href":"https:\/\/aromaticus.ch\/fr\/wp-json\/wp\/v2\/product_tag?post=1959"}],"curies":[{"name":"wp","href":"https:\/\/api.w.org\/{rel}","templated":true}]}}