{"id":1961,"date":"2018-11-25T09:59:01","date_gmt":"2018-11-25T09:59:01","guid":{"rendered":"http:\/\/aromaticus.ch\/produkt\/bergamotte-bio\/"},"modified":"2018-12-11T09:27:27","modified_gmt":"2018-12-11T09:27:27","slug":"bergamotte-bio","status":"publish","type":"product","link":"https:\/\/aromaticus.ch\/fr\/produit\/bergamotte-bio\/","title":{"rendered":"Bergamote bio"},"content":{"rendered":"<p>Huile essentielle 100% pure et naturelle<\/p>\n<p><strong>Nom botanique:<\/strong> Citrus bergamia<\/p>\n<p><strong>100% pure naturelle<\/strong> &#8211; Garanti qualit\u00e9 bio maximale<\/p>\n<p><strong>CH-BIO 006<\/strong><\/p>\n<p><strong>Profil de l\u2019odeur:<\/strong> citronn\u00e9e, frais, fleuri, fruit\u00e9<\/p>\n<p><strong>Sujet du parfum:<\/strong> tonique, huile pour \u00eatre heureux<\/p>\n<p><strong>Se melange bien<\/strong> avec: Lavende, G\u00e9ranium, Citron, Camomille, Coriandre, Geni\u00e8vre, Cypr\u00e8s, Ylang-Ylang<\/p>\n<p><strong>Provenance:<\/strong> Italie<\/p>\n<p><strong>Qualit\u00e9:<\/strong> Production biologique contr\u00f4l\u00e9e<\/p>\n<p><strong>Partie de la plante:<\/strong> coquille<\/p>\n<p><strong>Extraction:<\/strong> Pression \u00e0 froid<\/p>\n<p><strong>Contenue:\u00a0<\/strong>10 ml<\/p>\n<p><strong>Application:\u00a0<\/strong>Pour les soins aromatiques et comme parfum d\u2019ambiance. Pour les usages en aromath\u00e9rapie, veuillez consulter les ouvrages sp\u00e9cialis\u00e9 ou demander v\u00f4tre Droguiste ou Pharmacien.<\/p>\n","protected":false},"excerpt":{"rendered":"<p>Huile essentielle 100% pure et naturelle Nom botanique: Citrus bergamia 100% pure naturelle &#8211; Garanti qualit\u00e9 bio maximale CH-BIO 006 Profil de l\u2019odeur: citronn\u00e9e, frais, fleuri, fruit\u00e9 Sujet du parfum: tonique, huile pour \u00eatre heureux Se melange bien avec: Lavende, G\u00e9ranium, Citron, Camomille, Coriandre, Geni\u00e8vre, Cypr\u00e8s, Ylang-Ylang Provenance: Italie Qualit\u00e9: Production biologique contr\u00f4l\u00e9e Partie de&hellip;<\/p>\n","protected":false},"featured_media":1469,"comment_status":"open","ping_status":"closed","template":"","meta":[],"product_brand":[],"product_cat":[77,115],"product_tag":[],"class_list":{"0":"post-1961","1":"product","2":"type-product","3":"status-publish","4":"has-post-thumbnail","6":"product_cat-huiles-essentielles","7":"product_cat-huiles-essentielles-fr","8":"description-off","10":"first","11":"instock","12":"shipping-taxable","13":"purchasable","14":"product-type-simple"},"_links":{"self":[{"href":"https:\/\/aromaticus.ch\/fr\/wp-json\/wp\/v2\/product\/1961","targetHints":{"allow":["GET"]}}],"collection":[{"href":"https:\/\/aromaticus.ch\/fr\/wp-json\/wp\/v2\/product"}],"about":[{"href":"https:\/\/aromaticus.ch\/fr\/wp-json\/wp\/v2\/types\/product"}],"replies":[{"embeddable":true,"href":"https:\/\/aromaticus.ch\/fr\/wp-json\/wp\/v2\/comments?post=1961"}],"wp:featuredmedia":[{"embeddable":true,"href":"https:\/\/aromaticus.ch\/fr\/wp-json\/wp\/v2\/media\/1469"}],"wp:attachment":[{"href":"https:\/\/aromaticus.ch\/fr\/wp-json\/wp\/v2\/media?parent=1961"}],"wp:term":[{"taxonomy":"product_brand","embeddable":true,"href":"https:\/\/aromaticus.ch\/fr\/wp-json\/wp\/v2\/product_brand?post=1961"},{"taxonomy":"product_cat","embeddable":true,"href":"https:\/\/aromaticus.ch\/fr\/wp-json\/wp\/v2\/product_cat?post=1961"},{"taxonomy":"product_tag","embeddable":true,"href":"https:\/\/aromaticus.ch\/fr\/wp-json\/wp\/v2\/product_tag?post=1961"}],"curies":[{"name":"wp","href":"https:\/\/api.w.org\/{rel}","templated":true}]}}