{"id":1965,"date":"2018-12-10T12:21:27","date_gmt":"2018-12-10T12:21:27","guid":{"rendered":"http:\/\/aromaticus.ch\/produkt\/copaiba-baumier\/"},"modified":"2018-12-10T12:21:27","modified_gmt":"2018-12-10T12:21:27","slug":"copaiba-baumier","status":"publish","type":"product","link":"https:\/\/aromaticus.ch\/fr\/produit\/copaiba-baumier\/","title":{"rendered":"Copa\u00efba baumier"},"content":{"rendered":"<p>100% Huile essentielle pure et naturelle<\/p>\n<p><strong>Nom botanique:<\/strong> Copaifera officinalis<\/p>\n<p><strong>100% pure et naturelle<\/strong> &#8211; Garanti une qualit\u00e9 maximale<\/p>\n<p><strong>Profil de<\/strong> <strong>l\u2019odeur:\u00a0<\/strong>balsamique, doux, plein, rappelant la vanille<\/p>\n<p><strong>Sujet du parfum:<\/strong> stimulant, incite l\u2019inspiration et l\u2019imagination, aphrodisiaques<\/p>\n<p><strong>Se m\u00e9lange bien avec:<\/strong> Miel, Vanille, Huile de fleur, Conif\u00e8res<\/p>\n<p><strong>Provenance:<\/strong> Br\u00e9sil<\/p>\n<p><strong>Qualit\u00e9:<\/strong> Recueil sauvage, traditionelle<\/p>\n<p><strong>Partie de la plante:<\/strong> baume<\/p>\n<p><strong>Extraction:<\/strong><strong>\u00a0<\/strong>Distillation \u00e0 la vapeur d\u2019eau du r\u00e9sine<\/p>\n<p><strong>Contenue:\u00a0<\/strong>5 ml<\/p>\n<p><strong>Application: <\/strong>Pour les soins aromtiques et comme parfum d\u2019ambiane. Pour les usages en aromath\u00e9rapie, veuillez consulter les ouvrages sp\u00e9cialis\u00e9 ou demander v\u00f4tre Droguiste ou Pharmacien.<\/p>\n","protected":false},"excerpt":{"rendered":"<p>100% Huile essentielle pure et naturelle Nom botanique: Copaifera officinalis 100% pure et naturelle &#8211; Garanti une qualit\u00e9 maximale Profil de l\u2019odeur:\u00a0balsamique, doux, plein, rappelant la vanille Sujet du parfum: stimulant, incite l\u2019inspiration et l\u2019imagination, aphrodisiaques Se m\u00e9lange bien avec: Miel, Vanille, Huile de fleur, Conif\u00e8res Provenance: Br\u00e9sil Qualit\u00e9: Recueil sauvage, traditionelle Partie de la&hellip;<\/p>\n","protected":false},"featured_media":1964,"comment_status":"closed","ping_status":"closed","template":"","meta":[],"product_brand":[],"product_cat":[115,77],"product_tag":[],"class_list":{"0":"post-1965","1":"product","2":"type-product","3":"status-publish","4":"has-post-thumbnail","6":"product_cat-huiles-essentielles-fr","7":"product_cat-huiles-essentielles","8":"description-off","10":"first","11":"instock","12":"shipping-taxable","13":"purchasable","14":"product-type-simple"},"_links":{"self":[{"href":"https:\/\/aromaticus.ch\/fr\/wp-json\/wp\/v2\/product\/1965","targetHints":{"allow":["GET"]}}],"collection":[{"href":"https:\/\/aromaticus.ch\/fr\/wp-json\/wp\/v2\/product"}],"about":[{"href":"https:\/\/aromaticus.ch\/fr\/wp-json\/wp\/v2\/types\/product"}],"replies":[{"embeddable":true,"href":"https:\/\/aromaticus.ch\/fr\/wp-json\/wp\/v2\/comments?post=1965"}],"wp:featuredmedia":[{"embeddable":true,"href":"https:\/\/aromaticus.ch\/fr\/wp-json\/wp\/v2\/media\/1964"}],"wp:attachment":[{"href":"https:\/\/aromaticus.ch\/fr\/wp-json\/wp\/v2\/media?parent=1965"}],"wp:term":[{"taxonomy":"product_brand","embeddable":true,"href":"https:\/\/aromaticus.ch\/fr\/wp-json\/wp\/v2\/product_brand?post=1965"},{"taxonomy":"product_cat","embeddable":true,"href":"https:\/\/aromaticus.ch\/fr\/wp-json\/wp\/v2\/product_cat?post=1965"},{"taxonomy":"product_tag","embeddable":true,"href":"https:\/\/aromaticus.ch\/fr\/wp-json\/wp\/v2\/product_tag?post=1965"}],"curies":[{"name":"wp","href":"https:\/\/api.w.org\/{rel}","templated":true}]}}