{"id":1967,"date":"2018-11-30T11:36:26","date_gmt":"2018-11-30T11:36:26","guid":{"rendered":"http:\/\/aromaticus.ch\/produkt\/eucalyptus-globulus\/"},"modified":"2018-12-10T14:55:49","modified_gmt":"2018-12-10T14:55:49","slug":"eucalyptus-globulus-bio","status":"publish","type":"product","link":"https:\/\/aromaticus.ch\/fr\/produit\/eucalyptus-globulus-bio\/","title":{"rendered":"Eucalyptus globulus bio"},"content":{"rendered":"<p>100% Huile essentielle pure et naturelle<\/p>\n<p><strong>Nom botanique:<\/strong> Eucalyptus globulus<\/p>\n<p><strong>100% pure et naturelle<\/strong> &#8211; Garanti qualit\u00e9 bio maximale<\/p>\n<p><strong>CH-BIO 006<\/strong><\/p>\n<p><strong>Profil de l\u2019odeur:<\/strong><strong>\u00a0<\/strong>frais-camphr\u00e9<\/p>\n<p><strong>Sujet du parfum:\u00a0<\/strong>stimulant, am\u00e9liore la concentration, bon pour les plaintes hivernales, tr\u00e8s purifiant<\/p>\n<p><strong>Provenance:<\/strong> Portugal<\/p>\n<p><strong>Qualit\u00e9:<\/strong> Production biologique contr\u00f4l\u00e9e<\/p>\n<p><strong>Partie de la plante:<\/strong> feuillage<\/p>\n<p><strong>Extraction:\u00a0<\/strong>Distillation \u00e0 la vapeur d&rsquo;eau<\/p>\n<p><strong>Contenue:<\/strong> 10 ml<\/p>\n<p><strong>Application:<\/strong> Pour les soins aromatiques et comme parfum d\u2019ambiance. Pour les usages en aromath\u00e9rapie, veuillez consulter les ouvrages sp\u00e9cialis\u00e9 ou demander v\u00f4tre Droguiste ou Pharmacien.<\/p>\n","protected":false},"excerpt":{"rendered":"<p>100% Huile essentielle pure et naturelle Nom botanique: Eucalyptus globulus 100% pure et naturelle &#8211; Garanti qualit\u00e9 bio maximale CH-BIO 006 Profil de l\u2019odeur:\u00a0frais-camphr\u00e9 Sujet du parfum:\u00a0stimulant, am\u00e9liore la concentration, bon pour les plaintes hivernales, tr\u00e8s purifiant Provenance: Portugal Qualit\u00e9: Production biologique contr\u00f4l\u00e9e Partie de la plante: feuillage Extraction:\u00a0Distillation \u00e0 la vapeur d&rsquo;eau Contenue: 10&hellip;<\/p>\n","protected":false},"featured_media":1482,"comment_status":"open","ping_status":"closed","template":"","meta":[],"product_brand":[],"product_cat":[77,115],"product_tag":[],"class_list":{"0":"post-1967","1":"product","2":"type-product","3":"status-publish","4":"has-post-thumbnail","6":"product_cat-huiles-essentielles","7":"product_cat-huiles-essentielles-fr","8":"description-off","10":"first","11":"instock","12":"shipping-taxable","13":"purchasable","14":"product-type-simple"},"_links":{"self":[{"href":"https:\/\/aromaticus.ch\/fr\/wp-json\/wp\/v2\/product\/1967","targetHints":{"allow":["GET"]}}],"collection":[{"href":"https:\/\/aromaticus.ch\/fr\/wp-json\/wp\/v2\/product"}],"about":[{"href":"https:\/\/aromaticus.ch\/fr\/wp-json\/wp\/v2\/types\/product"}],"replies":[{"embeddable":true,"href":"https:\/\/aromaticus.ch\/fr\/wp-json\/wp\/v2\/comments?post=1967"}],"wp:featuredmedia":[{"embeddable":true,"href":"https:\/\/aromaticus.ch\/fr\/wp-json\/wp\/v2\/media\/1482"}],"wp:attachment":[{"href":"https:\/\/aromaticus.ch\/fr\/wp-json\/wp\/v2\/media?parent=1967"}],"wp:term":[{"taxonomy":"product_brand","embeddable":true,"href":"https:\/\/aromaticus.ch\/fr\/wp-json\/wp\/v2\/product_brand?post=1967"},{"taxonomy":"product_cat","embeddable":true,"href":"https:\/\/aromaticus.ch\/fr\/wp-json\/wp\/v2\/product_cat?post=1967"},{"taxonomy":"product_tag","embeddable":true,"href":"https:\/\/aromaticus.ch\/fr\/wp-json\/wp\/v2\/product_tag?post=1967"}],"curies":[{"name":"wp","href":"https:\/\/api.w.org\/{rel}","templated":true}]}}