{"id":1971,"date":"2018-11-30T11:36:25","date_gmt":"2018-11-30T11:36:25","guid":{"rendered":"http:\/\/aromaticus.ch\/produkt\/graine-de-carotte-bio\/"},"modified":"2018-12-10T14:54:04","modified_gmt":"2018-12-10T14:54:04","slug":"graine-de-carotte-bio","status":"publish","type":"product","link":"https:\/\/aromaticus.ch\/fr\/produit\/graine-de-carotte-bio\/","title":{"rendered":"Graine de carotte bio"},"content":{"rendered":"<p>100% Huile essentielle pure et naturelle<\/p>\n<p><strong>Nom botanique:<\/strong>\u00a0Daucus carotta<\/p>\n<p><strong>100% pure naturelle<\/strong> &#8211; Garanti une qualit\u00e9 bio maximale<\/p>\n<p><strong>Profil de l\u2019odeur:<\/strong><strong>\u00a0<\/strong>chaud, terreux, aromatique<\/p>\n<p><strong>Sujet du parfum:\u00a0<\/strong>pour \u00e9quilibr\u00e9, nutritif, incite de la chaleur aux m\u00e9langes de fleurs<\/p>\n<p><strong>Se m\u00e9lange bien avec:<\/strong> Lavende extra, G\u00e9ranium rosat, Rose, Fenouil, C\u00e8dre, \u00c9pises<\/p>\n<p><strong>Provenance:\u00a0<\/strong>Inde<\/p>\n<p><strong>Qualit\u00e9:<\/strong> Production biologique contr\u00f4l\u00e9e, traditionelle<\/p>\n<p><strong>Partie de la plante:\u00a0<\/strong>graines<\/p>\n<p><strong>Extraction:<\/strong> Distillation \u00e0 vapeur d&rsquo;eau<\/p>\n<p><strong>Contenue:<\/strong> 5 ml<\/p>\n<p><strong>Application:\u00a0<\/strong>Pour les soins aromatiques et comme parfum d\u2019ambiance. Pour les usages en aromath\u00e9rapie, veuillez consulter les ouvrages sp\u00e9cialis\u00e9 ou demander v\u00f4tre Droguiste ou Pharmacien.<\/p>\n","protected":false},"excerpt":{"rendered":"<p>100% Huile essentielle pure et naturelle Nom botanique:\u00a0Daucus carotta 100% pure naturelle &#8211; Garanti une qualit\u00e9 bio maximale Profil de l\u2019odeur:\u00a0chaud, terreux, aromatique Sujet du parfum:\u00a0pour \u00e9quilibr\u00e9, nutritif, incite de la chaleur aux m\u00e9langes de fleurs Se m\u00e9lange bien avec: Lavende extra, G\u00e9ranium rosat, Rose, Fenouil, C\u00e8dre, \u00c9pises Provenance:\u00a0Inde Qualit\u00e9: Production biologique contr\u00f4l\u00e9e, traditionelle Partie&hellip;<\/p>\n","protected":false},"featured_media":1509,"comment_status":"open","ping_status":"closed","template":"","meta":[],"product_brand":[],"product_cat":[77,115],"product_tag":[],"class_list":{"0":"post-1971","1":"product","2":"type-product","3":"status-publish","4":"has-post-thumbnail","6":"product_cat-huiles-essentielles","7":"product_cat-huiles-essentielles-fr","8":"description-off","10":"first","11":"instock","12":"shipping-taxable","13":"purchasable","14":"product-type-simple"},"_links":{"self":[{"href":"https:\/\/aromaticus.ch\/fr\/wp-json\/wp\/v2\/product\/1971","targetHints":{"allow":["GET"]}}],"collection":[{"href":"https:\/\/aromaticus.ch\/fr\/wp-json\/wp\/v2\/product"}],"about":[{"href":"https:\/\/aromaticus.ch\/fr\/wp-json\/wp\/v2\/types\/product"}],"replies":[{"embeddable":true,"href":"https:\/\/aromaticus.ch\/fr\/wp-json\/wp\/v2\/comments?post=1971"}],"wp:featuredmedia":[{"embeddable":true,"href":"https:\/\/aromaticus.ch\/fr\/wp-json\/wp\/v2\/media\/1509"}],"wp:attachment":[{"href":"https:\/\/aromaticus.ch\/fr\/wp-json\/wp\/v2\/media?parent=1971"}],"wp:term":[{"taxonomy":"product_brand","embeddable":true,"href":"https:\/\/aromaticus.ch\/fr\/wp-json\/wp\/v2\/product_brand?post=1971"},{"taxonomy":"product_cat","embeddable":true,"href":"https:\/\/aromaticus.ch\/fr\/wp-json\/wp\/v2\/product_cat?post=1971"},{"taxonomy":"product_tag","embeddable":true,"href":"https:\/\/aromaticus.ch\/fr\/wp-json\/wp\/v2\/product_tag?post=1971"}],"curies":[{"name":"wp","href":"https:\/\/api.w.org\/{rel}","templated":true}]}}