{"id":1973,"date":"2018-11-30T11:36:25","date_gmt":"2018-11-30T11:36:25","guid":{"rendered":"http:\/\/aromaticus.ch\/produkt\/coriandre-bio\/"},"modified":"2018-11-30T11:36:25","modified_gmt":"2018-11-30T11:36:25","slug":"coriandre-bio","status":"publish","type":"product","link":"https:\/\/aromaticus.ch\/fr\/produit\/coriandre-bio\/","title":{"rendered":"Coriandre bio"},"content":{"rendered":"<p>100% Huile essentielle pure et naturelle<\/p>\n<p><strong>Nom botanique:<\/strong> Coriandrum sativum<\/p>\n<p><strong>100% pure naturelle\u00a0<\/strong>&#8211; Garantie une qualit\u00e9 bio maximale<\/p>\n<p><strong>CH-BIO 006<\/strong><\/p>\n<p><strong>Profil de l\u2019odeur:<\/strong> \u00e9pic\u00e9, aromatique-chaud<\/p>\n<p><strong>Sujet du parfum:<\/strong> donne chaud, fortifiant, stimulant, soulage le stress<\/p>\n<p><strong>Se m\u00e9lange bien avec: <\/strong>Bergamotte, Citron, Orange, Cypr\u00e8s, Mandarine, Cannelle<\/p>\n<p><strong>Provenance:<\/strong> Egypte<\/p>\n<p><strong>Qualit\u00e9:<\/strong>\u00a0 Production biologique contr\u00f4l\u00e9e<\/p>\n<p><strong>Partie de la plante:<\/strong> graines<\/p>\n<p><strong>Extraction:\u00a0<\/strong>Distillation \u00e0 vapeur d&rsquo;eau<\/p>\n<p><strong>Contenue:\u00a0<\/strong>5 ml<\/p>\n<p><strong>Application:\u00a0<\/strong>Pour les soins aromatiques et comme parfum d\u2019ambiance. Pour les usages en aromath\u00e9rapie, veuillez consulter les ouvrages sp\u00e9cialis\u00e9 ou demander v\u00f4tre Droguiste ou Pharmacien.<\/p>\n<p>&nbsp;<\/p>\n","protected":false},"excerpt":{"rendered":"<p>100% Huile essentielle pure et naturelle Nom botanique: Coriandrum sativum 100% pure naturelle\u00a0&#8211; Garantie une qualit\u00e9 bio maximale CH-BIO 006 Profil de l\u2019odeur: \u00e9pic\u00e9, aromatique-chaud Sujet du parfum: donne chaud, fortifiant, stimulant, soulage le stress Se m\u00e9lange bien avec: Bergamotte, Citron, Orange, Cypr\u00e8s, Mandarine, Cannelle Provenance: Egypte Qualit\u00e9:\u00a0 Production biologique contr\u00f4l\u00e9e Partie de la plante:&hellip;<\/p>\n","protected":false},"featured_media":1515,"comment_status":"open","ping_status":"closed","template":"","meta":[],"product_brand":[],"product_cat":[77,115],"product_tag":[],"class_list":{"0":"post-1973","1":"product","2":"type-product","3":"status-publish","4":"has-post-thumbnail","6":"product_cat-huiles-essentielles","7":"product_cat-huiles-essentielles-fr","8":"description-off","10":"first","11":"instock","12":"shipping-taxable","13":"purchasable","14":"product-type-simple"},"_links":{"self":[{"href":"https:\/\/aromaticus.ch\/fr\/wp-json\/wp\/v2\/product\/1973","targetHints":{"allow":["GET"]}}],"collection":[{"href":"https:\/\/aromaticus.ch\/fr\/wp-json\/wp\/v2\/product"}],"about":[{"href":"https:\/\/aromaticus.ch\/fr\/wp-json\/wp\/v2\/types\/product"}],"replies":[{"embeddable":true,"href":"https:\/\/aromaticus.ch\/fr\/wp-json\/wp\/v2\/comments?post=1973"}],"wp:featuredmedia":[{"embeddable":true,"href":"https:\/\/aromaticus.ch\/fr\/wp-json\/wp\/v2\/media\/1515"}],"wp:attachment":[{"href":"https:\/\/aromaticus.ch\/fr\/wp-json\/wp\/v2\/media?parent=1973"}],"wp:term":[{"taxonomy":"product_brand","embeddable":true,"href":"https:\/\/aromaticus.ch\/fr\/wp-json\/wp\/v2\/product_brand?post=1973"},{"taxonomy":"product_cat","embeddable":true,"href":"https:\/\/aromaticus.ch\/fr\/wp-json\/wp\/v2\/product_cat?post=1973"},{"taxonomy":"product_tag","embeddable":true,"href":"https:\/\/aromaticus.ch\/fr\/wp-json\/wp\/v2\/product_tag?post=1973"}],"curies":[{"name":"wp","href":"https:\/\/api.w.org\/{rel}","templated":true}]}}