{"id":1975,"date":"2018-11-30T11:37:34","date_gmt":"2018-11-30T11:37:34","guid":{"rendered":"http:\/\/aromaticus.ch\/produkt\/bergamote-sans-bergaptene-bio\/"},"modified":"2018-12-11T10:15:19","modified_gmt":"2018-12-11T10:15:19","slug":"bergamote-sans-bergaptene-bio","status":"publish","type":"product","link":"https:\/\/aromaticus.ch\/fr\/produit\/bergamote-sans-bergaptene-bio\/","title":{"rendered":"Bergamote (sans Bergapt\u00e8ne) bio"},"content":{"rendered":"<p>Huile essentielle 100% pure et naturelle<\/p>\n<p><strong>Nom botanique:<\/strong> Citrus aurantium bergamia<\/p>\n<p><strong>100% pure et naturelle<\/strong><\/p>\n<p><strong>Profile de l\u2019odeur:<\/strong> frais, fleuri, \u00e9th\u00e9r\u00e9 et fruit\u00e9<\/p>\n<p><strong>Sujet du parfum:\u00a0<\/strong>tonique<\/p>\n<p><strong>Provenance:\u00a0<\/strong>Italie<\/p>\n<p><strong>Qualit\u00e9:<\/strong> Production biologique contr\u00f4l\u00e9e<\/p>\n<p><strong>Partie de la plante:<\/strong> p\u00e9ricarpe<\/p>\n<p><strong>Extraction:<\/strong> Pression \u00e0 froid<\/p>\n<p><strong>Contenue:<\/strong> 5 ml<\/p>\n<p>L\u2019Utilisation de Bergamote-sans bergapt\u00e8ne (sans furocoumarines) se trouve avant tout dans l\u2019aromath\u00e9rapie, la parfumerie et cosm\u00e9thique. La substance bergapt\u00e8ne &#8211; un furocoumarin qui agit phototoxique respectivement photosensible &#8211; est supprim\u00e9 par distillation, ainsi l\u2019effet de bronzage de l\u2019huile est \u00e9limin\u00e9.<\/p>\n<p><strong>Application:\u00a0<\/strong>Pour les soins aromatiques et comme parfum d\u2019ambiance. Pour les usages en aromath\u00e9rapie, veuillez consulter les ouvrages sp\u00e9cialis\u00e9 ou demander v\u00f4tre Droguiste ou Pharmacien.<\/p>\n","protected":false},"excerpt":{"rendered":"<p>Huile essentielle 100% pure et naturelle Nom botanique: Citrus aurantium bergamia 100% pure et naturelle Profile de l\u2019odeur: frais, fleuri, \u00e9th\u00e9r\u00e9 et fruit\u00e9 Sujet du parfum:\u00a0tonique Provenance:\u00a0Italie Qualit\u00e9: Production biologique contr\u00f4l\u00e9e Partie de la plante: p\u00e9ricarpe Extraction: Pression \u00e0 froid Contenue: 5 ml L\u2019Utilisation de Bergamote-sans bergapt\u00e8ne (sans furocoumarines) se trouve avant tout dans l\u2019aromath\u00e9rapie,&hellip;<\/p>\n","protected":false},"featured_media":1466,"comment_status":"open","ping_status":"closed","template":"","meta":[],"product_brand":[],"product_cat":[115,77],"product_tag":[],"class_list":{"0":"post-1975","1":"product","2":"type-product","3":"status-publish","4":"has-post-thumbnail","6":"product_cat-huiles-essentielles-fr","7":"product_cat-huiles-essentielles","8":"description-off","10":"first","11":"instock","12":"shipping-taxable","13":"purchasable","14":"product-type-simple"},"_links":{"self":[{"href":"https:\/\/aromaticus.ch\/fr\/wp-json\/wp\/v2\/product\/1975","targetHints":{"allow":["GET"]}}],"collection":[{"href":"https:\/\/aromaticus.ch\/fr\/wp-json\/wp\/v2\/product"}],"about":[{"href":"https:\/\/aromaticus.ch\/fr\/wp-json\/wp\/v2\/types\/product"}],"replies":[{"embeddable":true,"href":"https:\/\/aromaticus.ch\/fr\/wp-json\/wp\/v2\/comments?post=1975"}],"wp:featuredmedia":[{"embeddable":true,"href":"https:\/\/aromaticus.ch\/fr\/wp-json\/wp\/v2\/media\/1466"}],"wp:attachment":[{"href":"https:\/\/aromaticus.ch\/fr\/wp-json\/wp\/v2\/media?parent=1975"}],"wp:term":[{"taxonomy":"product_brand","embeddable":true,"href":"https:\/\/aromaticus.ch\/fr\/wp-json\/wp\/v2\/product_brand?post=1975"},{"taxonomy":"product_cat","embeddable":true,"href":"https:\/\/aromaticus.ch\/fr\/wp-json\/wp\/v2\/product_cat?post=1975"},{"taxonomy":"product_tag","embeddable":true,"href":"https:\/\/aromaticus.ch\/fr\/wp-json\/wp\/v2\/product_tag?post=1975"}],"curies":[{"name":"wp","href":"https:\/\/api.w.org\/{rel}","templated":true}]}}