{"id":1977,"date":"2018-11-30T11:37:33","date_gmt":"2018-11-30T11:37:33","guid":{"rendered":"http:\/\/aromaticus.ch\/produkt\/cajeput-bio\/"},"modified":"2018-11-30T11:37:33","modified_gmt":"2018-11-30T11:37:33","slug":"cajeput-bio","status":"publish","type":"product","link":"https:\/\/aromaticus.ch\/fr\/produit\/cajeput-bio\/","title":{"rendered":"Cajeput bio"},"content":{"rendered":"<p>Huile essentielle 100% pure et naturelle<\/p>\n<p><strong>Nom botanique:<\/strong> Melaleuca leucadendron<\/p>\n<p><strong>100% pure et naturelle<\/strong> &#8211; Garanti une qualit\u00e9 bio maximale<\/p>\n<p><strong>CH-BIO 006\u00a0<\/strong><\/p>\n<p><strong>Profile de l\u2019odeur:<\/strong> frais, comme de l\u2019eucalyptus, clair<\/p>\n<p><strong>Sujet du parfum:\u00a0<\/strong>compense, clart\u00e9, am\u00e9liore la concentration<\/p>\n<p><strong>Se m\u00e9lange bien avec:<\/strong> Niaouli, Eucalyptus, Sapin, Romarin, Pin<\/p>\n<p><strong>Provenance:\u00a0<\/strong>Vietnam<\/p>\n<p><strong>Qualit\u00e9:<\/strong> Production biologique contr\u00f4l\u00e9e<\/p>\n<p><strong>Partie de la plante:<\/strong> feuillage<\/p>\n<p><strong>Extraction:<\/strong> Distillation \u00e0 vapeur d&rsquo;eau<\/p>\n<p><strong>Contenue:\u00a0<\/strong>10 ml<\/p>\n<p><strong>Application:<\/strong> Pour les soins aromatiques et comme parfum d\u2019ambiance. Pour les usages en aromath\u00e9rapie, veuillez consulter \u00a0les ouvrages sp\u00e9cialis\u00e9 ou demander v\u00f4tre Droguiste ou Pharmacien.<\/p>\n","protected":false},"excerpt":{"rendered":"<p>Huile essentielle 100% pure et naturelle Nom botanique: Melaleuca leucadendron 100% pure et naturelle &#8211; Garanti une qualit\u00e9 bio maximale CH-BIO 006\u00a0 Profile de l\u2019odeur: frais, comme de l\u2019eucalyptus, clair Sujet du parfum:\u00a0compense, clart\u00e9, am\u00e9liore la concentration Se m\u00e9lange bien avec: Niaouli, Eucalyptus, Sapin, Romarin, Pin Provenance:\u00a0Vietnam Qualit\u00e9: Production biologique contr\u00f4l\u00e9e Partie de la plante:&hellip;<\/p>\n","protected":false},"featured_media":1475,"comment_status":"open","ping_status":"closed","template":"","meta":[],"product_brand":[],"product_cat":[115,77],"product_tag":[],"class_list":{"0":"post-1977","1":"product","2":"type-product","3":"status-publish","4":"has-post-thumbnail","6":"product_cat-huiles-essentielles-fr","7":"product_cat-huiles-essentielles","8":"description-off","10":"first","11":"instock","12":"shipping-taxable","13":"purchasable","14":"product-type-simple"},"_links":{"self":[{"href":"https:\/\/aromaticus.ch\/fr\/wp-json\/wp\/v2\/product\/1977","targetHints":{"allow":["GET"]}}],"collection":[{"href":"https:\/\/aromaticus.ch\/fr\/wp-json\/wp\/v2\/product"}],"about":[{"href":"https:\/\/aromaticus.ch\/fr\/wp-json\/wp\/v2\/types\/product"}],"replies":[{"embeddable":true,"href":"https:\/\/aromaticus.ch\/fr\/wp-json\/wp\/v2\/comments?post=1977"}],"wp:featuredmedia":[{"embeddable":true,"href":"https:\/\/aromaticus.ch\/fr\/wp-json\/wp\/v2\/media\/1475"}],"wp:attachment":[{"href":"https:\/\/aromaticus.ch\/fr\/wp-json\/wp\/v2\/media?parent=1977"}],"wp:term":[{"taxonomy":"product_brand","embeddable":true,"href":"https:\/\/aromaticus.ch\/fr\/wp-json\/wp\/v2\/product_brand?post=1977"},{"taxonomy":"product_cat","embeddable":true,"href":"https:\/\/aromaticus.ch\/fr\/wp-json\/wp\/v2\/product_cat?post=1977"},{"taxonomy":"product_tag","embeddable":true,"href":"https:\/\/aromaticus.ch\/fr\/wp-json\/wp\/v2\/product_tag?post=1977"}],"curies":[{"name":"wp","href":"https:\/\/api.w.org\/{rel}","templated":true}]}}