{"id":1982,"date":"2018-11-30T11:36:25","date_gmt":"2018-11-30T11:36:25","guid":{"rendered":"http:\/\/aromaticus.ch\/produkt\/sapin-de-siberie-bio\/"},"modified":"2019-12-15T23:10:15","modified_gmt":"2019-12-15T23:10:15","slug":"sapin-de-siberie-bio","status":"publish","type":"product","link":"https:\/\/aromaticus.ch\/fr\/produit\/sapin-de-siberie-bio\/","title":{"rendered":"Sapin de Sib\u00e9rie bio"},"content":{"rendered":"<p>Huile essentielle 100% pure et naturelle<\/p>\n<p><strong>Nom botanique:\u00a0<\/strong>Abies sibirica<\/p>\n<p><strong>100% pure et naturelle\u00a0<\/strong>&#8211; Garanti une qualit\u00e9 bio maximale<\/p>\n<p><strong>CH-BIO 006<\/strong><\/p>\n<p><strong>Profil de l\u2019odeur:\u00a0<\/strong>frais, \u00e9pic\u00e9, bois\u00e9, vert<\/p>\n<p><strong>Sujet du parfum:\u00a0<\/strong>tonique, purifiant, donne chaud, apaisant pour le syst\u00e8me respiratoire<\/p>\n<p><strong>Se m\u00e9lange bien avec:\u00a0<\/strong>autres Bois, Eucalyptus<\/p>\n<p><strong>Provenance:\u00a0<\/strong>Autriche<\/p>\n<p><strong>Qualit\u00e9:\u00a0<\/strong>Production biologique contr\u00f4l\u00e9e, traditionelle<\/p>\n<p><strong>Partie de la plante:\u00a0<\/strong>aigiuilles<\/p>\n<p><strong>Extraction:\u00a0<\/strong>Distillation \u00e0 vapeur d&rsquo;eau<\/p>\n<p><strong>Contenue:\u00a0<\/strong>10 ml<\/p>\n<p><strong>Application:\u00a0<\/strong>Pour les soins aromatiques et comme parfum d\u2019ambiance. Pour les usages en aromath\u00e9rapie, veuillez consulter les ouvrages sp\u00e9cialis\u00e9 ou demander v\u00f4tre Droguiste ou Pharmacien.<\/p>\n","protected":false},"excerpt":{"rendered":"<p>Huile essentielle 100% pure et naturelle Nom botanique:\u00a0Abies sibirica 100% pure et naturelle\u00a0&#8211; Garanti une qualit\u00e9 bio maximale CH-BIO 006 Profil de l\u2019odeur:\u00a0frais, \u00e9pic\u00e9, bois\u00e9, vert Sujet du parfum:\u00a0tonique, purifiant, donne chaud, apaisant pour le syst\u00e8me respiratoire Se m\u00e9lange bien avec:\u00a0autres Bois, Eucalyptus Provenance:\u00a0Autriche Qualit\u00e9:\u00a0Production biologique contr\u00f4l\u00e9e, traditionelle Partie de la plante:\u00a0aigiuilles Extraction:\u00a0Distillation \u00e0 vapeur&hellip;<\/p>\n","protected":false},"featured_media":1491,"comment_status":"open","ping_status":"closed","template":"","meta":[],"product_brand":[],"product_cat":[77,115],"product_tag":[],"class_list":{"0":"post-1982","1":"product","2":"type-product","3":"status-publish","4":"has-post-thumbnail","6":"product_cat-huiles-essentielles","7":"product_cat-huiles-essentielles-fr","8":"description-off","10":"first","11":"instock","12":"shipping-taxable","13":"purchasable","14":"product-type-simple"},"_links":{"self":[{"href":"https:\/\/aromaticus.ch\/fr\/wp-json\/wp\/v2\/product\/1982","targetHints":{"allow":["GET"]}}],"collection":[{"href":"https:\/\/aromaticus.ch\/fr\/wp-json\/wp\/v2\/product"}],"about":[{"href":"https:\/\/aromaticus.ch\/fr\/wp-json\/wp\/v2\/types\/product"}],"replies":[{"embeddable":true,"href":"https:\/\/aromaticus.ch\/fr\/wp-json\/wp\/v2\/comments?post=1982"}],"wp:featuredmedia":[{"embeddable":true,"href":"https:\/\/aromaticus.ch\/fr\/wp-json\/wp\/v2\/media\/1491"}],"wp:attachment":[{"href":"https:\/\/aromaticus.ch\/fr\/wp-json\/wp\/v2\/media?parent=1982"}],"wp:term":[{"taxonomy":"product_brand","embeddable":true,"href":"https:\/\/aromaticus.ch\/fr\/wp-json\/wp\/v2\/product_brand?post=1982"},{"taxonomy":"product_cat","embeddable":true,"href":"https:\/\/aromaticus.ch\/fr\/wp-json\/wp\/v2\/product_cat?post=1982"},{"taxonomy":"product_tag","embeddable":true,"href":"https:\/\/aromaticus.ch\/fr\/wp-json\/wp\/v2\/product_tag?post=1982"}],"curies":[{"name":"wp","href":"https:\/\/api.w.org\/{rel}","templated":true}]}}