{"id":1984,"date":"2018-11-30T11:36:25","date_gmt":"2018-11-30T11:36:25","guid":{"rendered":"http:\/\/aromaticus.ch\/produkt\/pamplemousse-bio\/"},"modified":"2018-11-30T11:36:25","modified_gmt":"2018-11-30T11:36:25","slug":"pamplemousse-bio","status":"publish","type":"product","link":"https:\/\/aromaticus.ch\/fr\/produit\/pamplemousse-bio\/","title":{"rendered":"Pamplemousse bio"},"content":{"rendered":"<p>Huile essentielle pure et naturelle<\/p>\n<p><strong>Nom botanique:\u00a0<\/strong>Citrus paradisi<\/p>\n<p><strong>100% pure et naturelle\u00a0<\/strong>&#8211; Garanti une qualit\u00e9 bio maximale<\/p>\n<p><strong>CH-BIO 006<\/strong><\/p>\n<p><strong>Profile de l\u2019odeur:\u00a0<\/strong>fruit\u00e9, frais, anim\u00e9<\/p>\n<p><strong>Sujet du parfum:\u00a0<\/strong>purifiant, fortifiant, stimulant, rafra\u00eechissant, euphorisant<\/p>\n<p><strong>Provenance:\u00a0<\/strong>USA<\/p>\n<p><strong>Qualit\u00e9:\u00a0<\/strong>Production biologique contr\u00f4l\u00e9e<\/p>\n<p><strong>Extraction:\u00a0<\/strong>Pression \u00e0 froid<\/p>\n<p><strong>Contenue:\u00a0<\/strong>10 ml<\/p>\n<p><strong>Application:\u00a0<\/strong>Pour les soins aromatiques et comme parfum d\u2019ambiance. Pour les usages en aromath\u00e9rapie, veuillez consulter les ouvrages sp\u00e9cialis\u00e9 ou demander v\u00f4tre Droguiste ou Pharmacien.<\/p>\n","protected":false},"excerpt":{"rendered":"<p>Huile essentielle pure et naturelle Nom botanique:\u00a0Citrus paradisi 100% pure et naturelle\u00a0&#8211; Garanti une qualit\u00e9 bio maximale CH-BIO 006 Profile de l\u2019odeur:\u00a0fruit\u00e9, frais, anim\u00e9 Sujet du parfum:\u00a0purifiant, fortifiant, stimulant, rafra\u00eechissant, euphorisant Provenance:\u00a0USA Qualit\u00e9:\u00a0Production biologique contr\u00f4l\u00e9e Extraction:\u00a0Pression \u00e0 froid Contenue:\u00a010 ml Application:\u00a0Pour les soins aromatiques et comme parfum d\u2019ambiance. Pour les usages en aromath\u00e9rapie, veuillez consulter&hellip;<\/p>\n","protected":false},"featured_media":1494,"comment_status":"open","ping_status":"closed","template":"","meta":[],"product_brand":[],"product_cat":[77,115],"product_tag":[],"class_list":{"0":"post-1984","1":"product","2":"type-product","3":"status-publish","4":"has-post-thumbnail","6":"product_cat-huiles-essentielles","7":"product_cat-huiles-essentielles-fr","8":"description-off","10":"first","11":"instock","12":"shipping-taxable","13":"purchasable","14":"product-type-simple"},"_links":{"self":[{"href":"https:\/\/aromaticus.ch\/fr\/wp-json\/wp\/v2\/product\/1984","targetHints":{"allow":["GET"]}}],"collection":[{"href":"https:\/\/aromaticus.ch\/fr\/wp-json\/wp\/v2\/product"}],"about":[{"href":"https:\/\/aromaticus.ch\/fr\/wp-json\/wp\/v2\/types\/product"}],"replies":[{"embeddable":true,"href":"https:\/\/aromaticus.ch\/fr\/wp-json\/wp\/v2\/comments?post=1984"}],"wp:featuredmedia":[{"embeddable":true,"href":"https:\/\/aromaticus.ch\/fr\/wp-json\/wp\/v2\/media\/1494"}],"wp:attachment":[{"href":"https:\/\/aromaticus.ch\/fr\/wp-json\/wp\/v2\/media?parent=1984"}],"wp:term":[{"taxonomy":"product_brand","embeddable":true,"href":"https:\/\/aromaticus.ch\/fr\/wp-json\/wp\/v2\/product_brand?post=1984"},{"taxonomy":"product_cat","embeddable":true,"href":"https:\/\/aromaticus.ch\/fr\/wp-json\/wp\/v2\/product_cat?post=1984"},{"taxonomy":"product_tag","embeddable":true,"href":"https:\/\/aromaticus.ch\/fr\/wp-json\/wp\/v2\/product_tag?post=1984"}],"curies":[{"name":"wp","href":"https:\/\/api.w.org\/{rel}","templated":true}]}}