{"id":1986,"date":"2018-11-30T11:36:25","date_gmt":"2018-11-30T11:36:25","guid":{"rendered":"http:\/\/aromaticus.ch\/produkt\/gingembre-bio\/"},"modified":"2018-11-30T11:36:25","modified_gmt":"2018-11-30T11:36:25","slug":"gingembre-bio","status":"publish","type":"product","link":"https:\/\/aromaticus.ch\/fr\/produit\/gingembre-bio\/","title":{"rendered":"Gingembre bio"},"content":{"rendered":"<p>Huile essentielle pure et naturelle<\/p>\n<p><strong>Nom botanique:\u00a0<\/strong>Zingiber officinale<\/p>\n<p><strong>100% pure naturelle<\/strong>\u00a0&#8211; Garanti une qualit\u00e9 bio maximale<\/p>\n<p><strong>CH-BIO 006<\/strong><\/p>\n<p><strong>Profile de l\u2019odeur:\u00a0<\/strong>aromatique, rafra\u00eechissant, ardent<\/p>\n<p><strong>Sujet du parfum:\u00a0<\/strong>fortifiant, chauffant, stimulant<\/p>\n<p><strong>Se m\u00e9lange bien avec:\u00a0<\/strong>Orange, Cardamome, Cannelle<\/p>\n<p><strong>Provenance:\u00a0<\/strong>Sri Lanka<\/p>\n<p><strong>Qualit\u00e9:<\/strong>\u00a0Production biologique contr\u00f4l\u00e9e<\/p>\n<p><strong>Partie de la plante:\u00a0<\/strong>racine<\/p>\n<p><strong>Extraction:\u00a0<\/strong>Distillation \u00e0 vapeur d&rsquo;eau<\/p>\n<p><strong>Contenue:\u00a0<\/strong>5 ml<\/p>\n<p><strong>Application:\u00a0<\/strong>Pour les soins aromatiques et comme parfum d\u2019ambiance. Pour les usages en aromath\u00e9rapie, veuillez consulter les ouvrages sp\u00e9cialis\u00e9 ou demander v\u00f4tre Droguiste ou Pharmacien.<\/p>\n","protected":false},"excerpt":{"rendered":"<p>Huile essentielle pure et naturelle Nom botanique:\u00a0Zingiber officinale 100% pure naturelle\u00a0&#8211; Garanti une qualit\u00e9 bio maximale CH-BIO 006 Profile de l\u2019odeur:\u00a0aromatique, rafra\u00eechissant, ardent Sujet du parfum:\u00a0fortifiant, chauffant, stimulant Se m\u00e9lange bien avec:\u00a0Orange, Cardamome, Cannelle Provenance:\u00a0Sri Lanka Qualit\u00e9:\u00a0Production biologique contr\u00f4l\u00e9e Partie de la plante:\u00a0racine Extraction:\u00a0Distillation \u00e0 vapeur d&rsquo;eau Contenue:\u00a05 ml Application:\u00a0Pour les soins aromatiques et comme&hellip;<\/p>\n","protected":false},"featured_media":1498,"comment_status":"open","ping_status":"closed","template":"","meta":[],"product_brand":[],"product_cat":[77,115],"product_tag":[],"class_list":{"0":"post-1986","1":"product","2":"type-product","3":"status-publish","4":"has-post-thumbnail","6":"product_cat-huiles-essentielles","7":"product_cat-huiles-essentielles-fr","8":"description-off","10":"first","11":"instock","12":"shipping-taxable","13":"purchasable","14":"product-type-simple"},"_links":{"self":[{"href":"https:\/\/aromaticus.ch\/fr\/wp-json\/wp\/v2\/product\/1986","targetHints":{"allow":["GET"]}}],"collection":[{"href":"https:\/\/aromaticus.ch\/fr\/wp-json\/wp\/v2\/product"}],"about":[{"href":"https:\/\/aromaticus.ch\/fr\/wp-json\/wp\/v2\/types\/product"}],"replies":[{"embeddable":true,"href":"https:\/\/aromaticus.ch\/fr\/wp-json\/wp\/v2\/comments?post=1986"}],"wp:featuredmedia":[{"embeddable":true,"href":"https:\/\/aromaticus.ch\/fr\/wp-json\/wp\/v2\/media\/1498"}],"wp:attachment":[{"href":"https:\/\/aromaticus.ch\/fr\/wp-json\/wp\/v2\/media?parent=1986"}],"wp:term":[{"taxonomy":"product_brand","embeddable":true,"href":"https:\/\/aromaticus.ch\/fr\/wp-json\/wp\/v2\/product_brand?post=1986"},{"taxonomy":"product_cat","embeddable":true,"href":"https:\/\/aromaticus.ch\/fr\/wp-json\/wp\/v2\/product_cat?post=1986"},{"taxonomy":"product_tag","embeddable":true,"href":"https:\/\/aromaticus.ch\/fr\/wp-json\/wp\/v2\/product_tag?post=1986"}],"curies":[{"name":"wp","href":"https:\/\/api.w.org\/{rel}","templated":true}]}}