{"id":1991,"date":"2018-11-30T11:36:25","date_gmt":"2018-11-30T11:36:25","guid":{"rendered":"http:\/\/aromaticus.ch\/produkt\/pin-de-montagne-bio\/"},"modified":"2018-11-30T11:36:25","modified_gmt":"2018-11-30T11:36:25","slug":"pin-de-montagne-bio","status":"publish","type":"product","link":"https:\/\/aromaticus.ch\/fr\/produit\/pin-de-montagne-bio\/","title":{"rendered":"Pin de montagne bio"},"content":{"rendered":"<p>Huile essentielle 100% pure et naturelle<\/p>\n<p><strong>Nom botanique:\u00a0<\/strong>Pinus mugo<\/p>\n<p><strong>100% pure naturelle\u00a0<\/strong>&#8211; Garanti une qualit\u00e9 bio maximale<\/p>\n<p><strong>CH-BIO 006<\/strong><\/p>\n<p><strong>Profile de l\u2019odeur:\u00a0<\/strong>r\u00e9sineux, frais, \u00e2pre, l\u00e9g\u00e8rement \u00e9pic\u00e9, \u00e7a sent les conif\u00e8res<\/p>\n<p><strong>Sujet du parfum:\u00a0<\/strong>tonique, clarifie, apaisant pour le syst\u00e8me respiratoire, favorise la s\u00e9cr\u00e9tion, d\u00e9senfle, purifiant<\/p>\n<p><strong>Provenance:\u00a0<\/strong>Autriche<\/p>\n<p><strong>Qualit\u00e9:\u00a0<\/strong>bio-ramassage sauvage, Agriculteur biologique<\/p>\n<p><strong>Partie de la plante:\u00a0<\/strong>branches, aiguilles<\/p>\n<p><strong>Extraction:\u00a0<\/strong>Distillation \u00e0 la vapeur d&rsquo;eau<\/p>\n<p><strong>Contenue:\u00a0<\/strong>5 ml<\/p>\n<p><strong>Application:\u00a0<\/strong>Pour les soins aromatiques et comme parfum d\u2019ambiance. Pour les usages en aromath\u00e9rapie, veuillez consulter les ouvrages sp\u00e9cialis\u00e9 ou demander v\u00f4tre Droguiste ou Pharmacien.<\/p>\n","protected":false},"excerpt":{"rendered":"<p>Huile essentielle 100% pure et naturelle Nom botanique:\u00a0Pinus mugo 100% pure naturelle\u00a0&#8211; Garanti une qualit\u00e9 bio maximale CH-BIO 006 Profile de l\u2019odeur:\u00a0r\u00e9sineux, frais, \u00e2pre, l\u00e9g\u00e8rement \u00e9pic\u00e9, \u00e7a sent les conif\u00e8res Sujet du parfum:\u00a0tonique, clarifie, apaisant pour le syst\u00e8me respiratoire, favorise la s\u00e9cr\u00e9tion, d\u00e9senfle, purifiant Provenance:\u00a0Autriche Qualit\u00e9:\u00a0bio-ramassage sauvage, Agriculteur biologique Partie de la plante:\u00a0branches, aiguilles Extraction:\u00a0Distillation&hellip;<\/p>\n","protected":false},"featured_media":1525,"comment_status":"open","ping_status":"closed","template":"","meta":[],"product_brand":[],"product_cat":[115,77],"product_tag":[],"class_list":{"0":"post-1991","1":"product","2":"type-product","3":"status-publish","4":"has-post-thumbnail","6":"product_cat-huiles-essentielles-fr","7":"product_cat-huiles-essentielles","8":"description-off","10":"first","11":"instock","12":"shipping-taxable","13":"purchasable","14":"product-type-simple"},"_links":{"self":[{"href":"https:\/\/aromaticus.ch\/fr\/wp-json\/wp\/v2\/product\/1991","targetHints":{"allow":["GET"]}}],"collection":[{"href":"https:\/\/aromaticus.ch\/fr\/wp-json\/wp\/v2\/product"}],"about":[{"href":"https:\/\/aromaticus.ch\/fr\/wp-json\/wp\/v2\/types\/product"}],"replies":[{"embeddable":true,"href":"https:\/\/aromaticus.ch\/fr\/wp-json\/wp\/v2\/comments?post=1991"}],"wp:featuredmedia":[{"embeddable":true,"href":"https:\/\/aromaticus.ch\/fr\/wp-json\/wp\/v2\/media\/1525"}],"wp:attachment":[{"href":"https:\/\/aromaticus.ch\/fr\/wp-json\/wp\/v2\/media?parent=1991"}],"wp:term":[{"taxonomy":"product_brand","embeddable":true,"href":"https:\/\/aromaticus.ch\/fr\/wp-json\/wp\/v2\/product_brand?post=1991"},{"taxonomy":"product_cat","embeddable":true,"href":"https:\/\/aromaticus.ch\/fr\/wp-json\/wp\/v2\/product_cat?post=1991"},{"taxonomy":"product_tag","embeddable":true,"href":"https:\/\/aromaticus.ch\/fr\/wp-json\/wp\/v2\/product_tag?post=1991"}],"curies":[{"name":"wp","href":"https:\/\/api.w.org\/{rel}","templated":true}]}}