{"id":1993,"date":"2018-11-30T11:36:25","date_gmt":"2018-11-30T11:36:25","guid":{"rendered":"http:\/\/aromaticus.ch\/produkt\/lavande-sauvage-bio\/"},"modified":"2019-12-15T23:10:15","modified_gmt":"2019-12-15T23:10:15","slug":"lavande-sauvage-bio","status":"publish","type":"product","link":"https:\/\/aromaticus.ch\/fr\/produit\/lavande-sauvage-bio\/","title":{"rendered":"Lavande sauvage bio"},"content":{"rendered":"<p>Huile essentielle 100% pure et naturelle<\/p>\n<p>Lavande sauvage &#8211;\u00a0<strong>Nom botanique:\u00a0<\/strong>Lavandula angustifolia<\/p>\n<p><strong>100% pure naturelle\u00a0<\/strong>&#8211; Garanti une qualit\u00e9 bio maximale<\/p>\n<p><strong>CH-BIO 006<\/strong><\/p>\n<p><strong>Profile de l\u2019odeur:\u00a0<\/strong>fort, herbac\u00e9, fleuri<\/p>\n<p><strong>Sujet du parfum:\u00a0<\/strong>fortifiant, tonique, relaxant, compense, calmant<\/p>\n<p><strong>Se m\u00e9lange bien avec:\u00a0<\/strong>Bergamote, G\u00e9ranium, Ylang-Ylang, Camomille, Romarin, Sauge sclar\u00e9e<\/p>\n<p><strong>Provenance:\u00a0<\/strong>France &#8211; ramassage sauvage<\/p>\n<p><strong>Qualit\u00e9:<\/strong> Production biologique contr\u00f4l\u00e9e<\/p>\n<p><strong>Partie de la plante:\u00a0<\/strong>panicules, herbe<\/p>\n<p><strong>Extraction:\u00a0<\/strong>Distillation \u00e0 la vapeur d&rsquo;eau<\/p>\n<p><strong>Contenue:\u00a0<\/strong>5 ml<\/p>\n<p><strong>Application:\u00a0<\/strong>Pour les soins aromatiques et comme parfum d\u2019ambiance. Pour les usages en aromath\u00e9rapie, veuillez consulter les ouvrages sp\u00e9cialis\u00e9 ou demander v\u00f4tre Droguiste ou Pharmacien.<\/p>\n<p>&nbsp;<\/p>\n","protected":false},"excerpt":{"rendered":"<p>Huile essentielle 100% pure et naturelle Lavande sauvage &#8211;\u00a0Nom botanique:\u00a0Lavandula angustifolia 100% pure naturelle\u00a0&#8211; Garanti une qualit\u00e9 bio maximale CH-BIO 006 Profile de l\u2019odeur:\u00a0fort, herbac\u00e9, fleuri Sujet du parfum:\u00a0fortifiant, tonique, relaxant, compense, calmant Se m\u00e9lange bien avec:\u00a0Bergamote, G\u00e9ranium, Ylang-Ylang, Camomille, Romarin, Sauge sclar\u00e9e Provenance:\u00a0France &#8211; ramassage sauvage Qualit\u00e9: Production biologique contr\u00f4l\u00e9e Partie de la plante:\u00a0panicules,&hellip;<\/p>\n","protected":false},"featured_media":1528,"comment_status":"open","ping_status":"closed","template":"","meta":[],"product_brand":[],"product_cat":[77,115],"product_tag":[],"class_list":{"0":"post-1993","1":"product","2":"type-product","3":"status-publish","4":"has-post-thumbnail","6":"product_cat-huiles-essentielles","7":"product_cat-huiles-essentielles-fr","8":"description-off","10":"first","11":"instock","12":"shipping-taxable","13":"purchasable","14":"product-type-simple"},"_links":{"self":[{"href":"https:\/\/aromaticus.ch\/fr\/wp-json\/wp\/v2\/product\/1993","targetHints":{"allow":["GET"]}}],"collection":[{"href":"https:\/\/aromaticus.ch\/fr\/wp-json\/wp\/v2\/product"}],"about":[{"href":"https:\/\/aromaticus.ch\/fr\/wp-json\/wp\/v2\/types\/product"}],"replies":[{"embeddable":true,"href":"https:\/\/aromaticus.ch\/fr\/wp-json\/wp\/v2\/comments?post=1993"}],"wp:featuredmedia":[{"embeddable":true,"href":"https:\/\/aromaticus.ch\/fr\/wp-json\/wp\/v2\/media\/1528"}],"wp:attachment":[{"href":"https:\/\/aromaticus.ch\/fr\/wp-json\/wp\/v2\/media?parent=1993"}],"wp:term":[{"taxonomy":"product_brand","embeddable":true,"href":"https:\/\/aromaticus.ch\/fr\/wp-json\/wp\/v2\/product_brand?post=1993"},{"taxonomy":"product_cat","embeddable":true,"href":"https:\/\/aromaticus.ch\/fr\/wp-json\/wp\/v2\/product_cat?post=1993"},{"taxonomy":"product_tag","embeddable":true,"href":"https:\/\/aromaticus.ch\/fr\/wp-json\/wp\/v2\/product_tag?post=1993"}],"curies":[{"name":"wp","href":"https:\/\/api.w.org\/{rel}","templated":true}]}}