{"id":1996,"date":"2018-11-30T11:31:28","date_gmt":"2018-11-30T11:31:28","guid":{"rendered":"http:\/\/aromaticus.ch\/produkt\/manuka\/"},"modified":"2018-11-30T11:31:28","modified_gmt":"2018-11-30T11:31:28","slug":"manuka","status":"publish","type":"product","link":"https:\/\/aromaticus.ch\/fr\/produit\/manuka\/","title":{"rendered":"Manuka"},"content":{"rendered":"<p>Huile essentielle 100% pure et naturelle<\/p>\n<p><strong>Nom botanique:<\/strong> Leptospermum scoparium<\/p>\n<p><strong>100% pure naturelle\u00a0<\/strong>&#8211; Garanti une qualit\u00e9 bio maximale<\/p>\n<p><strong>Profile de l\u2019odeur:\u00a0<\/strong>\u00e9pic\u00e9, frais, herbac\u00e9<\/p>\n<p><strong>Sujet du parfum:\u00a0<\/strong>purifiant, fortifiant, contre l\u2019\u00e9puisement et les tension nerveuse, \u201eune huile pour tous les cas\u00a0\u00bb<\/p>\n<p><strong>Provenance:\u00a0<\/strong>Nouvelle-Z\u00e9lande<\/p>\n<p><strong>Qualit\u00e9:<\/strong> traditionelle<\/p>\n<p><strong>Partie de la plante:\u00a0<\/strong>feuillage<\/p>\n<p><strong>Extraction:\u00a0<\/strong>Distillation \u00e0 la vapeur d&rsquo;eau<\/p>\n<p><strong>Contenue:\u00a0<\/strong>5 ml<\/p>\n<p><strong>Application:\u00a0<\/strong>Pour les soins aromatiques et comme parfum d\u2019ambiance. Pour les usages en aromath\u00e9rapie, veuillez consulter les ouvrages sp\u00e9cialis\u00e9 ou demander v\u00f4tre Droguiste ou Pharmacien.<\/p>\n","protected":false},"excerpt":{"rendered":"<p>Huile essentielle 100% pure et naturelle Nom botanique: Leptospermum scoparium 100% pure naturelle\u00a0&#8211; Garanti une qualit\u00e9 bio maximale Profile de l\u2019odeur:\u00a0\u00e9pic\u00e9, frais, herbac\u00e9 Sujet du parfum:\u00a0purifiant, fortifiant, contre l\u2019\u00e9puisement et les tension nerveuse, \u201eune huile pour tous les cas\u00a0\u00bb Provenance:\u00a0Nouvelle-Z\u00e9lande Qualit\u00e9: traditionelle Partie de la plante:\u00a0feuillage Extraction:\u00a0Distillation \u00e0 la vapeur d&rsquo;eau Contenue:\u00a05 ml Application:\u00a0Pour les&hellip;<\/p>\n","protected":false},"featured_media":1549,"comment_status":"open","ping_status":"closed","template":"","meta":[],"product_brand":[],"product_cat":[77,115],"product_tag":[],"class_list":{"0":"post-1996","1":"product","2":"type-product","3":"status-publish","4":"has-post-thumbnail","6":"product_cat-huiles-essentielles","7":"product_cat-huiles-essentielles-fr","8":"description-off","10":"first","11":"instock","12":"shipping-taxable","13":"purchasable","14":"product-type-simple"},"_links":{"self":[{"href":"https:\/\/aromaticus.ch\/fr\/wp-json\/wp\/v2\/product\/1996","targetHints":{"allow":["GET"]}}],"collection":[{"href":"https:\/\/aromaticus.ch\/fr\/wp-json\/wp\/v2\/product"}],"about":[{"href":"https:\/\/aromaticus.ch\/fr\/wp-json\/wp\/v2\/types\/product"}],"replies":[{"embeddable":true,"href":"https:\/\/aromaticus.ch\/fr\/wp-json\/wp\/v2\/comments?post=1996"}],"wp:featuredmedia":[{"embeddable":true,"href":"https:\/\/aromaticus.ch\/fr\/wp-json\/wp\/v2\/media\/1549"}],"wp:attachment":[{"href":"https:\/\/aromaticus.ch\/fr\/wp-json\/wp\/v2\/media?parent=1996"}],"wp:term":[{"taxonomy":"product_brand","embeddable":true,"href":"https:\/\/aromaticus.ch\/fr\/wp-json\/wp\/v2\/product_brand?post=1996"},{"taxonomy":"product_cat","embeddable":true,"href":"https:\/\/aromaticus.ch\/fr\/wp-json\/wp\/v2\/product_cat?post=1996"},{"taxonomy":"product_tag","embeddable":true,"href":"https:\/\/aromaticus.ch\/fr\/wp-json\/wp\/v2\/product_tag?post=1996"}],"curies":[{"name":"wp","href":"https:\/\/api.w.org\/{rel}","templated":true}]}}