{"id":1998,"date":"2018-11-30T11:24:25","date_gmt":"2018-11-30T11:24:25","guid":{"rendered":"http:\/\/aromaticus.ch\/produkt\/sauge-sclaree-bio\/"},"modified":"2018-11-30T11:24:25","modified_gmt":"2018-11-30T11:24:25","slug":"sauge-sclaree-bio","status":"publish","type":"product","link":"https:\/\/aromaticus.ch\/fr\/produit\/sauge-sclaree-bio\/","title":{"rendered":"Sauge sclar\u00e9e bio"},"content":{"rendered":"<p>Huile essentielle 100% pure et naturelle<\/p>\n<p><strong>Nom botanique:\u00a0<\/strong>Salvia sclarea<\/p>\n<p><strong>100% pure naturelle\u00a0<\/strong>&#8211; Garanti une qualit\u00e9 bio maximale<\/p>\n<p><strong>CH-BIO 006<\/strong><\/p>\n<p><strong>Profile de l\u2019odeur:\u00a0<\/strong>\u00e9pic\u00e9, chaud, sucr\u00e9e<\/p>\n<p><strong>Sujet du parfum:\u00a0<\/strong>relaxant, compenser, aphrodisiaque<\/p>\n<p><strong>Se m\u00e9lange bien avec:<\/strong>\u00a0Lavende, Cypr\u00e8s, Citron, Orange, Bergamote, Jasmin, Santal<\/p>\n<p><strong>Provenance:\u00a0<\/strong>France<\/p>\n<p><strong>Qualit\u00e9:\u00a0<\/strong>Production biologique contr\u00f4l\u00e9e<\/p>\n<p><strong>Partie de la plante:\u00a0<\/strong>herbe, fleurs<\/p>\n<p><strong>Extraction:\u00a0<\/strong>Distillation \u00e0 la vapeur d&rsquo;eau<\/p>\n<p><strong>Contenue:\u00a0<\/strong>5 ml<\/p>\n<p><strong>Application:\u00a0<\/strong>Pour les soins aromatiques et comme parfum d\u2019ambiance. Pour les usages en aromath\u00e9rapie, veuillez consulter les ouvrages sp\u00e9cialis\u00e9 ou demander v\u00f4tre Droguiste ou Pharmacien.<\/p>\n<p>&nbsp;<\/p>\n","protected":false},"excerpt":{"rendered":"<p>Huile essentielle 100% pure et naturelle Nom botanique:\u00a0Salvia sclarea 100% pure naturelle\u00a0&#8211; Garanti une qualit\u00e9 bio maximale CH-BIO 006 Profile de l\u2019odeur:\u00a0\u00e9pic\u00e9, chaud, sucr\u00e9e Sujet du parfum:\u00a0relaxant, compenser, aphrodisiaque Se m\u00e9lange bien avec:\u00a0Lavende, Cypr\u00e8s, Citron, Orange, Bergamote, Jasmin, Santal Provenance:\u00a0France Qualit\u00e9:\u00a0Production biologique contr\u00f4l\u00e9e Partie de la plante:\u00a0herbe, fleurs Extraction:\u00a0Distillation \u00e0 la vapeur d&rsquo;eau Contenue:\u00a05 ml&hellip;<\/p>\n","protected":false},"featured_media":1552,"comment_status":"open","ping_status":"closed","template":"","meta":[],"product_brand":[],"product_cat":[115,77],"product_tag":[],"class_list":{"0":"post-1998","1":"product","2":"type-product","3":"status-publish","4":"has-post-thumbnail","6":"product_cat-huiles-essentielles-fr","7":"product_cat-huiles-essentielles","8":"description-off","10":"first","11":"instock","12":"shipping-taxable","13":"purchasable","14":"product-type-simple"},"_links":{"self":[{"href":"https:\/\/aromaticus.ch\/fr\/wp-json\/wp\/v2\/product\/1998","targetHints":{"allow":["GET"]}}],"collection":[{"href":"https:\/\/aromaticus.ch\/fr\/wp-json\/wp\/v2\/product"}],"about":[{"href":"https:\/\/aromaticus.ch\/fr\/wp-json\/wp\/v2\/types\/product"}],"replies":[{"embeddable":true,"href":"https:\/\/aromaticus.ch\/fr\/wp-json\/wp\/v2\/comments?post=1998"}],"wp:featuredmedia":[{"embeddable":true,"href":"https:\/\/aromaticus.ch\/fr\/wp-json\/wp\/v2\/media\/1552"}],"wp:attachment":[{"href":"https:\/\/aromaticus.ch\/fr\/wp-json\/wp\/v2\/media?parent=1998"}],"wp:term":[{"taxonomy":"product_brand","embeddable":true,"href":"https:\/\/aromaticus.ch\/fr\/wp-json\/wp\/v2\/product_brand?post=1998"},{"taxonomy":"product_cat","embeddable":true,"href":"https:\/\/aromaticus.ch\/fr\/wp-json\/wp\/v2\/product_cat?post=1998"},{"taxonomy":"product_tag","embeddable":true,"href":"https:\/\/aromaticus.ch\/fr\/wp-json\/wp\/v2\/product_tag?post=1998"}],"curies":[{"name":"wp","href":"https:\/\/api.w.org\/{rel}","templated":true}]}}