{"id":2000,"date":"2018-11-30T11:24:25","date_gmt":"2018-11-30T11:24:25","guid":{"rendered":"http:\/\/aromaticus.ch\/produkt\/menthe-nanah-bio\/"},"modified":"2022-11-16T19:33:33","modified_gmt":"2022-11-16T19:33:33","slug":"menthe-nanah-bio","status":"publish","type":"product","link":"https:\/\/aromaticus.ch\/fr\/produit\/menthe-nanah-bio\/","title":{"rendered":"Menthe nanah bio"},"content":{"rendered":"<p>Huile essentielle 100% pure et naturelle<\/p>\n<p><strong>Nom botanique:\u00a0<\/strong>Mentha viridis var. Nanah<\/p>\n<p><strong>100% pure naturelle\u00a0<\/strong>&#8211; Garanti une qualit\u00e9 bio maximale<\/p>\n<p><strong>CH-BIO 006<\/strong><\/p>\n<p><strong>Profile de l\u2019odeur:\u00a0<\/strong>frais, clair, parfum de menthe doux<\/p>\n<p><strong>Sujet du parfum:\u00a0<\/strong>clarifie, rafra\u00eechissant, am\u00e9liore la concentration<\/p>\n<p><strong>Se m\u00e9lange bien avec:\u00a0<\/strong>Patchouli, Citronelle, Rose, Pamplemousse, Encens<\/p>\n<p><strong>Provenance:\u00a0<\/strong>Maroc<\/p>\n<p><strong>Qualit\u00e9:\u00a0<\/strong>Production biologique contr\u00f4l\u00e9e<\/p>\n<p><strong>Partie de la plante:\u00a0<\/strong>herbe<\/p>\n<p><strong>Extraction:\u00a0<\/strong>Distillation \u00e0 la vapeur d&rsquo;eau<\/p>\n<p><strong>Contenue:\u00a0<\/strong>5 ml<\/p>\n<p><strong>Application:<\/strong> Pour les soins aromatiques et comme parfum d\u2019ambiance. Pour les usages en aromath\u00e9rapie, veuillez consulter les ouvrages sp\u00e9cialis\u00e9 ou demander v\u00f4tre Droquiste ou Pharmacien.<\/p>\n","protected":false},"excerpt":{"rendered":"<p>Huile essentielle 100% pure et naturelle Nom botanique:\u00a0Mentha viridis var. Nanah 100% pure naturelle\u00a0&#8211; Garanti une qualit\u00e9 bio maximale CH-BIO 006 Profile de l\u2019odeur:\u00a0frais, clair, parfum de menthe doux Sujet du parfum:\u00a0clarifie, rafra\u00eechissant, am\u00e9liore la concentration Se m\u00e9lange bien avec:\u00a0Patchouli, Citronelle, Rose, Pamplemousse, Encens Provenance:\u00a0Maroc Qualit\u00e9:\u00a0Production biologique contr\u00f4l\u00e9e Partie de la plante:\u00a0herbe Extraction:\u00a0Distillation \u00e0 la&hellip;<\/p>\n","protected":false},"featured_media":1558,"comment_status":"open","ping_status":"closed","template":"","meta":[],"product_brand":[],"product_cat":[115,77],"product_tag":[],"class_list":{"0":"post-2000","1":"product","2":"type-product","3":"status-publish","4":"has-post-thumbnail","6":"product_cat-huiles-essentielles-fr","7":"product_cat-huiles-essentielles","8":"description-off","10":"first","11":"instock","12":"shipping-taxable","13":"purchasable","14":"product-type-simple"},"_links":{"self":[{"href":"https:\/\/aromaticus.ch\/fr\/wp-json\/wp\/v2\/product\/2000","targetHints":{"allow":["GET"]}}],"collection":[{"href":"https:\/\/aromaticus.ch\/fr\/wp-json\/wp\/v2\/product"}],"about":[{"href":"https:\/\/aromaticus.ch\/fr\/wp-json\/wp\/v2\/types\/product"}],"replies":[{"embeddable":true,"href":"https:\/\/aromaticus.ch\/fr\/wp-json\/wp\/v2\/comments?post=2000"}],"wp:featuredmedia":[{"embeddable":true,"href":"https:\/\/aromaticus.ch\/fr\/wp-json\/wp\/v2\/media\/1558"}],"wp:attachment":[{"href":"https:\/\/aromaticus.ch\/fr\/wp-json\/wp\/v2\/media?parent=2000"}],"wp:term":[{"taxonomy":"product_brand","embeddable":true,"href":"https:\/\/aromaticus.ch\/fr\/wp-json\/wp\/v2\/product_brand?post=2000"},{"taxonomy":"product_cat","embeddable":true,"href":"https:\/\/aromaticus.ch\/fr\/wp-json\/wp\/v2\/product_cat?post=2000"},{"taxonomy":"product_tag","embeddable":true,"href":"https:\/\/aromaticus.ch\/fr\/wp-json\/wp\/v2\/product_tag?post=2000"}],"curies":[{"name":"wp","href":"https:\/\/api.w.org\/{rel}","templated":true}]}}