{"id":2004,"date":"2018-11-30T11:24:25","date_gmt":"2018-11-30T11:24:25","guid":{"rendered":"http:\/\/aromaticus.ch\/produkt\/orange-douce-bio\/"},"modified":"2018-11-30T11:24:25","modified_gmt":"2018-11-30T11:24:25","slug":"orange-douce-bio","status":"publish","type":"product","link":"https:\/\/aromaticus.ch\/fr\/produit\/orange-douce-bio\/","title":{"rendered":"Orange douce bio"},"content":{"rendered":"<p>Huile essentielle 100% pure et naturelle<\/p>\n<p><strong>Nom botanique:\u00a0<\/strong>Citrus sinensis<\/p>\n<p><strong>100% pure naturelle\u00a0<\/strong>&#8211; Garanti une qualit\u00e9 bio maximale<\/p>\n<p><strong>CH-BIO 006<\/strong><\/p>\n<p><strong>Profil de l\u2019odeur:\u00a0<\/strong>doux, frais, fruit\u00e9<\/p>\n<p><strong>Sujet du parfum:<\/strong> compense, inspirant, encourageant<\/p>\n<p><strong>Provenance:<\/strong> Italie<\/p>\n<p><strong>Qualit\u00e9:\u00a0<\/strong>Demeter<\/p>\n<p><strong>Partie de la plante:<\/strong> p\u00e9ricarpe<\/p>\n<p><strong>Extraction:\u00a0<\/strong>Pression \u00e0 froid<\/p>\n<p><strong>Contenue:\u00a0<\/strong>10 ml<\/p>\n<p><strong>Application:<\/strong>\u00a0Pour les soins aromatiques et comme parfum d\u2019ambiance. Pour les usages en aromath\u00e9rapie, veuillez consulter les ouvrages sp\u00e9cialis\u00e9 ou demander v\u00f4tre Droguiste ou Pharmacien.<\/p>\n","protected":false},"excerpt":{"rendered":"<p>Huile essentielle 100% pure et naturelle Nom botanique:\u00a0Citrus sinensis 100% pure naturelle\u00a0&#8211; Garanti une qualit\u00e9 bio maximale CH-BIO 006 Profil de l\u2019odeur:\u00a0doux, frais, fruit\u00e9 Sujet du parfum: compense, inspirant, encourageant Provenance: Italie Qualit\u00e9:\u00a0Demeter Partie de la plante: p\u00e9ricarpe Extraction:\u00a0Pression \u00e0 froid Contenue:\u00a010 ml Application:\u00a0Pour les soins aromatiques et comme parfum d\u2019ambiance. Pour les usages en&hellip;<\/p>\n","protected":false},"featured_media":1567,"comment_status":"open","ping_status":"closed","template":"","meta":[],"product_brand":[],"product_cat":[77,115],"product_tag":[],"class_list":{"0":"post-2004","1":"product","2":"type-product","3":"status-publish","4":"has-post-thumbnail","6":"product_cat-huiles-essentielles","7":"product_cat-huiles-essentielles-fr","8":"description-off","10":"first","11":"instock","12":"shipping-taxable","13":"purchasable","14":"product-type-simple"},"_links":{"self":[{"href":"https:\/\/aromaticus.ch\/fr\/wp-json\/wp\/v2\/product\/2004","targetHints":{"allow":["GET"]}}],"collection":[{"href":"https:\/\/aromaticus.ch\/fr\/wp-json\/wp\/v2\/product"}],"about":[{"href":"https:\/\/aromaticus.ch\/fr\/wp-json\/wp\/v2\/types\/product"}],"replies":[{"embeddable":true,"href":"https:\/\/aromaticus.ch\/fr\/wp-json\/wp\/v2\/comments?post=2004"}],"wp:featuredmedia":[{"embeddable":true,"href":"https:\/\/aromaticus.ch\/fr\/wp-json\/wp\/v2\/media\/1567"}],"wp:attachment":[{"href":"https:\/\/aromaticus.ch\/fr\/wp-json\/wp\/v2\/media?parent=2004"}],"wp:term":[{"taxonomy":"product_brand","embeddable":true,"href":"https:\/\/aromaticus.ch\/fr\/wp-json\/wp\/v2\/product_brand?post=2004"},{"taxonomy":"product_cat","embeddable":true,"href":"https:\/\/aromaticus.ch\/fr\/wp-json\/wp\/v2\/product_cat?post=2004"},{"taxonomy":"product_tag","embeddable":true,"href":"https:\/\/aromaticus.ch\/fr\/wp-json\/wp\/v2\/product_tag?post=2004"}],"curies":[{"name":"wp","href":"https:\/\/api.w.org\/{rel}","templated":true}]}}