{"id":2008,"date":"2018-11-30T11:24:24","date_gmt":"2018-11-30T11:24:24","guid":{"rendered":"http:\/\/aromaticus.ch\/produkt\/petitgrain-bigarade-bio\/"},"modified":"2018-11-30T11:24:24","modified_gmt":"2018-11-30T11:24:24","slug":"petitgrain-bigarade-bio","status":"publish","type":"product","link":"https:\/\/aromaticus.ch\/fr\/produit\/petitgrain-bigarade-bio\/","title":{"rendered":"Petitgrain Bigarade bio"},"content":{"rendered":"<p>Huile essentielle 100% pure et naturelle<\/p>\n<p><strong>Nom botanique:\u00a0<\/strong>Citrus aurantium ssp. aurant.<\/p>\n<p><strong>100% pure naturelle<\/strong> &#8211; Garanti une qualit\u00e9 bio maximale<\/p>\n<p><strong>CH-BIO 006<\/strong><\/p>\n<p><strong>Profil de l\u2019odeur:\u00a0<\/strong>a\u00e9r\u00e9, frais, \u00e2pre, citronn\u00e9e<\/p>\n<p><strong>Sujet du parfum:\u00a0<\/strong>rafra\u00eechissant, tonique, compense<\/p>\n<p><strong>Provenance:\u00a0<\/strong>Paraguay<\/p>\n<p><strong>Qualit\u00e9:<\/strong> Production biologique contr\u00f4l\u00e9e<\/p>\n<p><strong>Partie de la plante:\u00a0<\/strong>branche<\/p>\n<p><strong>Extraction:\u00a0<\/strong>Pression \u00e0 froid<\/p>\n<p><strong>Contenue:\u00a0<\/strong>5 ml<\/p>\n<p><strong>Application:\u00a0<\/strong>Pour les soins aromatiques et comme parfum d\u2019ambiance. Pour les usages en aromath\u00e9rapie, veuillez consulter les ouvrages sp\u00e9cialis\u00e9 ou demander v\u00f4tre Droguiste ou Pharmacien.<\/p>\n<p>&nbsp;<\/p>\n","protected":false},"excerpt":{"rendered":"<p>Huile essentielle 100% pure et naturelle Nom botanique:\u00a0Citrus aurantium ssp. aurant. 100% pure naturelle &#8211; Garanti une qualit\u00e9 bio maximale CH-BIO 006 Profil de l\u2019odeur:\u00a0a\u00e9r\u00e9, frais, \u00e2pre, citronn\u00e9e Sujet du parfum:\u00a0rafra\u00eechissant, tonique, compense Provenance:\u00a0Paraguay Qualit\u00e9: Production biologique contr\u00f4l\u00e9e Partie de la plante:\u00a0branche Extraction:\u00a0Pression \u00e0 froid Contenue:\u00a05 ml Application:\u00a0Pour les soins aromatiques et comme parfum d\u2019ambiance.&hellip;<\/p>\n","protected":false},"featured_media":1576,"comment_status":"open","ping_status":"closed","template":"","meta":[],"product_brand":[],"product_cat":[77,115],"product_tag":[],"class_list":{"0":"post-2008","1":"product","2":"type-product","3":"status-publish","4":"has-post-thumbnail","6":"product_cat-huiles-essentielles","7":"product_cat-huiles-essentielles-fr","8":"description-off","10":"first","11":"instock","12":"shipping-taxable","13":"purchasable","14":"product-type-simple"},"_links":{"self":[{"href":"https:\/\/aromaticus.ch\/fr\/wp-json\/wp\/v2\/product\/2008","targetHints":{"allow":["GET"]}}],"collection":[{"href":"https:\/\/aromaticus.ch\/fr\/wp-json\/wp\/v2\/product"}],"about":[{"href":"https:\/\/aromaticus.ch\/fr\/wp-json\/wp\/v2\/types\/product"}],"replies":[{"embeddable":true,"href":"https:\/\/aromaticus.ch\/fr\/wp-json\/wp\/v2\/comments?post=2008"}],"wp:featuredmedia":[{"embeddable":true,"href":"https:\/\/aromaticus.ch\/fr\/wp-json\/wp\/v2\/media\/1576"}],"wp:attachment":[{"href":"https:\/\/aromaticus.ch\/fr\/wp-json\/wp\/v2\/media?parent=2008"}],"wp:term":[{"taxonomy":"product_brand","embeddable":true,"href":"https:\/\/aromaticus.ch\/fr\/wp-json\/wp\/v2\/product_brand?post=2008"},{"taxonomy":"product_cat","embeddable":true,"href":"https:\/\/aromaticus.ch\/fr\/wp-json\/wp\/v2\/product_cat?post=2008"},{"taxonomy":"product_tag","embeddable":true,"href":"https:\/\/aromaticus.ch\/fr\/wp-json\/wp\/v2\/product_tag?post=2008"}],"curies":[{"name":"wp","href":"https:\/\/api.w.org\/{rel}","templated":true}]}}