{"id":2021,"date":"2018-11-30T11:22:53","date_gmt":"2018-11-30T11:22:53","guid":{"rendered":"http:\/\/aromaticus.ch\/produkt\/encens-indien\/"},"modified":"2024-02-16T07:41:11","modified_gmt":"2024-02-16T07:41:11","slug":"encens-indien","status":"publish","type":"product","link":"https:\/\/aromaticus.ch\/fr\/produit\/encens-indien\/","title":{"rendered":"Encens indien"},"content":{"rendered":"<p>Huile essentielle 100% pure et naturelle<\/p>\n<p><strong>Nom botanique:\u00a0<\/strong>Boswellia serrata<\/p>\n<p><strong>100% pure naturelle\u00a0<\/strong>&#8211; Garanti une qualit\u00e9 maximale<\/p>\n<p><strong>Profil de l\u2019odeur:\u00a0<\/strong>balsamique, r\u00e9sineux, doux<\/p>\n<p><strong>Sujet du parfum:\u00a0<\/strong>relaxant, inspirant, soutien la m\u00e9ditation, purifiant, r\u00e9duit le stress<\/p>\n<p><strong>Se m\u00e9lange bien avec:\u00a0<\/strong>Ang\u00e9lique, Myrrhe, C\u00e8dre, Cypr\u00e8s, V\u00e9tiver, Hysope<\/p>\n<p><strong>Provenance:\u00a0<\/strong>Inde<\/p>\n<p><strong>Qualit\u00e9:\u00a0<\/strong>traditionelle<\/p>\n<p><strong>Partie de la plante:\u00a0<\/strong>r\u00e9sine<\/p>\n<p><strong>Extraction:\u00a0<\/strong>Distillation \u00e0 la vapeur d&rsquo;eau<\/p>\n<p><strong>Contenue:\u00a0<\/strong>5 ml<\/p>\n<p><strong>Application:\u00a0<\/strong>Pour les soins aromatiques et comme parfum d\u2019ambiance. Pour les usages en aromath\u00e9rapie, veuillez consulter les ouvrages sp\u00e9cialis\u00e9 ou demander v\u00f4tre Droguiste ou Pharmacien.<\/p>\n","protected":false},"excerpt":{"rendered":"<p>Huile essentielle 100% pure et naturelle Nom botanique:\u00a0Boswellia serrata 100% pure naturelle\u00a0&#8211; Garanti une qualit\u00e9 maximale Profil de l\u2019odeur:\u00a0balsamique, r\u00e9sineux, doux Sujet du parfum:\u00a0relaxant, inspirant, soutien la m\u00e9ditation, purifiant, r\u00e9duit le stress Se m\u00e9lange bien avec:\u00a0Ang\u00e9lique, Myrrhe, C\u00e8dre, Cypr\u00e8s, V\u00e9tiver, Hysope Provenance:\u00a0Inde Qualit\u00e9:\u00a0traditionelle Partie de la plante:\u00a0r\u00e9sine Extraction:\u00a0Distillation \u00e0 la vapeur d&rsquo;eau Contenue:\u00a05 ml Application:\u00a0Pour&hellip;<\/p>\n","protected":false},"featured_media":1617,"comment_status":"open","ping_status":"closed","template":"","meta":[],"product_brand":[],"product_cat":[77,115],"product_tag":[],"class_list":{"0":"post-2021","1":"product","2":"type-product","3":"status-publish","4":"has-post-thumbnail","6":"product_cat-huiles-essentielles","7":"product_cat-huiles-essentielles-fr","8":"description-off","10":"first","11":"instock","12":"shipping-taxable","13":"purchasable","14":"product-type-simple"},"_links":{"self":[{"href":"https:\/\/aromaticus.ch\/fr\/wp-json\/wp\/v2\/product\/2021","targetHints":{"allow":["GET"]}}],"collection":[{"href":"https:\/\/aromaticus.ch\/fr\/wp-json\/wp\/v2\/product"}],"about":[{"href":"https:\/\/aromaticus.ch\/fr\/wp-json\/wp\/v2\/types\/product"}],"replies":[{"embeddable":true,"href":"https:\/\/aromaticus.ch\/fr\/wp-json\/wp\/v2\/comments?post=2021"}],"wp:featuredmedia":[{"embeddable":true,"href":"https:\/\/aromaticus.ch\/fr\/wp-json\/wp\/v2\/media\/1617"}],"wp:attachment":[{"href":"https:\/\/aromaticus.ch\/fr\/wp-json\/wp\/v2\/media?parent=2021"}],"wp:term":[{"taxonomy":"product_brand","embeddable":true,"href":"https:\/\/aromaticus.ch\/fr\/wp-json\/wp\/v2\/product_brand?post=2021"},{"taxonomy":"product_cat","embeddable":true,"href":"https:\/\/aromaticus.ch\/fr\/wp-json\/wp\/v2\/product_cat?post=2021"},{"taxonomy":"product_tag","embeddable":true,"href":"https:\/\/aromaticus.ch\/fr\/wp-json\/wp\/v2\/product_tag?post=2021"}],"curies":[{"name":"wp","href":"https:\/\/api.w.org\/{rel}","templated":true}]}}