{"id":2023,"date":"2018-11-30T10:48:05","date_gmt":"2018-11-30T10:48:05","guid":{"rendered":"http:\/\/aromaticus.ch\/produkt\/gaultherie-bio\/"},"modified":"2018-11-30T10:48:05","modified_gmt":"2018-11-30T10:48:05","slug":"gaultherie-bio","status":"publish","type":"product","link":"https:\/\/aromaticus.ch\/fr\/produit\/gaultherie-bio\/","title":{"rendered":"Gaulth\u00e9rie bio"},"content":{"rendered":"<p>Huile essentielle 100% pure et naturelle<\/p>\n<p><strong>Nom botanique:\u00a0<\/strong>Gaultheria procumbens<\/p>\n<p><strong>100% pure naturelle\u00a0<\/strong>&#8211; Garanti une qualit\u00e9 bio maximale<\/p>\n<p><strong>CH-BIO 006<\/strong><\/p>\n<p><strong>Profil de l\u2019odeur:\u00a0<\/strong>frais, menth\u00e9, doux-bois\u00e9<\/p>\n<p><strong>Sujet du parfum:\u00a0<\/strong>tonique, fortifiant, relaxant<\/p>\n<p><strong>Se m\u00e9lange bien avec:\u00a0<\/strong>Bergamote, G\u00e9ranium, Ylang-Ylang, Camomille, Romarin, Sauge sclar\u00e9e<\/p>\n<p><strong>Provenance:\u00a0<\/strong>N\u00e9pal<\/p>\n<p><strong>Qualit\u00e9:<\/strong> Production biologique contr\u00f4l\u00e9e<\/p>\n<p><strong>Partie de la plante:\u00a0<\/strong>feuillage<\/p>\n<p><strong>Extraction:\u00a0<\/strong>Distillation \u00e0 la vapeur d&rsquo;eau<\/p>\n<p><strong>Contenue:\u00a0<\/strong>5 ml<\/p>\n<p><strong>Application:\u00a0<\/strong>Pour les soins aromatiques et comme parfum d\u2019ambiance. Pour les usages en aromath\u00e9rapie, veuillez consulter les ouvrages sp\u00e9cialis\u00e9 ou demander v\u00f4tre Droguiste ou Pharmacien.<\/p>\n","protected":false},"excerpt":{"rendered":"<p>Huile essentielle 100% pure et naturelle Nom botanique:\u00a0Gaultheria procumbens 100% pure naturelle\u00a0&#8211; Garanti une qualit\u00e9 bio maximale CH-BIO 006 Profil de l\u2019odeur:\u00a0frais, menth\u00e9, doux-bois\u00e9 Sujet du parfum:\u00a0tonique, fortifiant, relaxant Se m\u00e9lange bien avec:\u00a0Bergamote, G\u00e9ranium, Ylang-Ylang, Camomille, Romarin, Sauge sclar\u00e9e Provenance:\u00a0N\u00e9pal Qualit\u00e9: Production biologique contr\u00f4l\u00e9e Partie de la plante:\u00a0feuillage Extraction:\u00a0Distillation \u00e0 la vapeur d&rsquo;eau Contenue:\u00a05 ml&hellip;<\/p>\n","protected":false},"featured_media":1623,"comment_status":"open","ping_status":"closed","template":"","meta":[],"product_brand":[],"product_cat":[77,115],"product_tag":[],"class_list":{"0":"post-2023","1":"product","2":"type-product","3":"status-publish","4":"has-post-thumbnail","6":"product_cat-huiles-essentielles","7":"product_cat-huiles-essentielles-fr","8":"description-off","10":"first","11":"instock","12":"shipping-taxable","13":"purchasable","14":"product-type-simple"},"_links":{"self":[{"href":"https:\/\/aromaticus.ch\/fr\/wp-json\/wp\/v2\/product\/2023","targetHints":{"allow":["GET"]}}],"collection":[{"href":"https:\/\/aromaticus.ch\/fr\/wp-json\/wp\/v2\/product"}],"about":[{"href":"https:\/\/aromaticus.ch\/fr\/wp-json\/wp\/v2\/types\/product"}],"replies":[{"embeddable":true,"href":"https:\/\/aromaticus.ch\/fr\/wp-json\/wp\/v2\/comments?post=2023"}],"wp:featuredmedia":[{"embeddable":true,"href":"https:\/\/aromaticus.ch\/fr\/wp-json\/wp\/v2\/media\/1623"}],"wp:attachment":[{"href":"https:\/\/aromaticus.ch\/fr\/wp-json\/wp\/v2\/media?parent=2023"}],"wp:term":[{"taxonomy":"product_brand","embeddable":true,"href":"https:\/\/aromaticus.ch\/fr\/wp-json\/wp\/v2\/product_brand?post=2023"},{"taxonomy":"product_cat","embeddable":true,"href":"https:\/\/aromaticus.ch\/fr\/wp-json\/wp\/v2\/product_cat?post=2023"},{"taxonomy":"product_tag","embeddable":true,"href":"https:\/\/aromaticus.ch\/fr\/wp-json\/wp\/v2\/product_tag?post=2023"}],"curies":[{"name":"wp","href":"https:\/\/api.w.org\/{rel}","templated":true}]}}