{"id":2024,"date":"2018-11-30T11:22:53","date_gmt":"2018-11-30T11:22:53","guid":{"rendered":"http:\/\/aromaticus.ch\/produkt\/bois-de-cedre-atlas-bio\/"},"modified":"2018-11-30T11:22:53","modified_gmt":"2018-11-30T11:22:53","slug":"bois-de-cedre-atlas-bio","status":"publish","type":"product","link":"https:\/\/aromaticus.ch\/fr\/produit\/bois-de-cedre-atlas-bio\/","title":{"rendered":"Bois de c\u00e8dre atlas bio"},"content":{"rendered":"<p>Huile essentielle 100% pure et naturelle<\/p>\n<p><strong>Nom botanique: <\/strong>Cedrus atlantica<\/p>\n<p><strong>100% pure naturelle\u00a0<\/strong>&#8211; Garanti une qualit\u00e9 bio maximale<\/p>\n<p><strong>CH-BIO 006<\/strong><\/p>\n<p><strong>Profil de l\u2019odeur:\u00a0<\/strong>chaud, balsamique, bois\u00e9, masculin<\/p>\n<p><strong>Sujet du parfum:\u00a0<\/strong>compensant, stabilisant<\/p>\n<p><strong>Provenance:\u00a0<\/strong>Maroc<\/p>\n<p><strong>Qualit\u00e9:\u00a0<\/strong>Production biologique contr\u00f4l\u00e9e<\/p>\n<p><strong>Partie de la plante:\u00a0<\/strong>bois<\/p>\n<p><strong>Extraction:\u00a0<\/strong>Distillation \u00e0 la vapeur d&rsquo;eau<\/p>\n<p><strong>Contenue:\u00a0<\/strong>5 ml<\/p>\n<p><strong>Application:\u00a0<\/strong>Pour les soins aromatiques et comme parfum d\u2019ambiance. Pour les usages en aromath\u00e9rapie, veuillez consulter les ouvrages sp\u00e9cialis\u00e9 ou demander v\u00f4tre Droguiste ou Pharmacien.<\/p>\n","protected":false},"excerpt":{"rendered":"<p>Huile essentielle 100% pure et naturelle Nom botanique: Cedrus atlantica 100% pure naturelle\u00a0&#8211; Garanti une qualit\u00e9 bio maximale CH-BIO 006 Profil de l\u2019odeur:\u00a0chaud, balsamique, bois\u00e9, masculin Sujet du parfum:\u00a0compensant, stabilisant Provenance:\u00a0Maroc Qualit\u00e9:\u00a0Production biologique contr\u00f4l\u00e9e Partie de la plante:\u00a0bois Extraction:\u00a0Distillation \u00e0 la vapeur d&rsquo;eau Contenue:\u00a05 ml Application:\u00a0Pour les soins aromatiques et comme parfum d\u2019ambiance. Pour les&hellip;<\/p>\n","protected":false},"featured_media":1626,"comment_status":"open","ping_status":"closed","template":"","meta":[],"product_brand":[],"product_cat":[77,115],"product_tag":[],"class_list":{"0":"post-2024","1":"product","2":"type-product","3":"status-publish","4":"has-post-thumbnail","6":"product_cat-huiles-essentielles","7":"product_cat-huiles-essentielles-fr","8":"description-off","10":"first","11":"instock","12":"shipping-taxable","13":"purchasable","14":"product-type-simple"},"_links":{"self":[{"href":"https:\/\/aromaticus.ch\/fr\/wp-json\/wp\/v2\/product\/2024","targetHints":{"allow":["GET"]}}],"collection":[{"href":"https:\/\/aromaticus.ch\/fr\/wp-json\/wp\/v2\/product"}],"about":[{"href":"https:\/\/aromaticus.ch\/fr\/wp-json\/wp\/v2\/types\/product"}],"replies":[{"embeddable":true,"href":"https:\/\/aromaticus.ch\/fr\/wp-json\/wp\/v2\/comments?post=2024"}],"wp:featuredmedia":[{"embeddable":true,"href":"https:\/\/aromaticus.ch\/fr\/wp-json\/wp\/v2\/media\/1626"}],"wp:attachment":[{"href":"https:\/\/aromaticus.ch\/fr\/wp-json\/wp\/v2\/media?parent=2024"}],"wp:term":[{"taxonomy":"product_brand","embeddable":true,"href":"https:\/\/aromaticus.ch\/fr\/wp-json\/wp\/v2\/product_brand?post=2024"},{"taxonomy":"product_cat","embeddable":true,"href":"https:\/\/aromaticus.ch\/fr\/wp-json\/wp\/v2\/product_cat?post=2024"},{"taxonomy":"product_tag","embeddable":true,"href":"https:\/\/aromaticus.ch\/fr\/wp-json\/wp\/v2\/product_tag?post=2024"}],"curies":[{"name":"wp","href":"https:\/\/api.w.org\/{rel}","templated":true}]}}