{"id":2025,"date":"2018-11-30T11:22:53","date_gmt":"2018-11-30T11:22:53","guid":{"rendered":"http:\/\/aromaticus.ch\/produkt\/ecorce-de-cannelle-bio\/"},"modified":"2021-06-27T23:01:25","modified_gmt":"2021-06-27T23:01:25","slug":"ecorce-de-cannelle-bio","status":"publish","type":"product","link":"https:\/\/aromaticus.ch\/fr\/produit\/ecorce-de-cannelle-bio\/","title":{"rendered":"Ecorce de cannelle bio"},"content":{"rendered":"<p>Huile essentielle 100% pure et naturelle<\/p>\n<p><strong>Nom botanique:\u00a0<\/strong>Cinnamomum verum<\/p>\n<p><strong>100% pure naturelle\u00a0<\/strong>&#8211; Garanti une qualit\u00e9 bio maximale<\/p>\n<p><strong>CH-BIO 006<\/strong><\/p>\n<p><strong>Profil de l\u2019odeur:\u00a0<\/strong>doux, \u00e9pic\u00e9, chaud, fort,<\/p>\n<p><strong>Sujet du parfum:\u00a0<\/strong>inspirant, transmet de la s\u00e9curit\u00e9, stimulant<\/p>\n<p><strong>Se m\u00e9lange bien avec:\u00a0<\/strong>Mimosa, Santal, Myrrhe, Patchouli, Ylang-Ylang, C\u00e8dre<\/p>\n<p><strong>Provenance:\u00a0<\/strong>Sri Lanka<\/p>\n<p><strong>Qualit\u00e9:<\/strong> Production biologique contr\u00f4l\u00e9e<\/p>\n<p><strong>Partie de la plante:\u00a0<\/strong>\u00e9corce<\/p>\n<p><strong>Extraction:\u00a0<\/strong>Distillation \u00e0 la vapeur d&rsquo;eau<\/p>\n<p><strong>Contenue:\u00a0<\/strong>5 ml<\/p>\n<p><strong>Application:\u00a0<\/strong>Pour les soins aromatiques et comme parfum d\u2019ambiance. Pour les usages en aromath\u00e9rapie, veuillez consulter les ouvrages sp\u00e9cialis\u00e9 ou demander v\u00f4tre Droguiste ou Pharmacien.<\/p>\n","protected":false},"excerpt":{"rendered":"<p>Huile essentielle 100% pure et naturelle Nom botanique:\u00a0Cinnamomum verum 100% pure naturelle\u00a0&#8211; Garanti une qualit\u00e9 bio maximale CH-BIO 006 Profil de l\u2019odeur:\u00a0doux, \u00e9pic\u00e9, chaud, fort, Sujet du parfum:\u00a0inspirant, transmet de la s\u00e9curit\u00e9, stimulant Se m\u00e9lange bien avec:\u00a0Mimosa, Santal, Myrrhe, Patchouli, Ylang-Ylang, C\u00e8dre Provenance:\u00a0Sri Lanka Qualit\u00e9: Production biologique contr\u00f4l\u00e9e Partie de la plante:\u00a0\u00e9corce Extraction:\u00a0Distillation \u00e0 la&hellip;<\/p>\n","protected":false},"featured_media":1629,"comment_status":"open","ping_status":"closed","template":"","meta":[],"product_brand":[],"product_cat":[77,115],"product_tag":[],"class_list":{"0":"post-2025","1":"product","2":"type-product","3":"status-publish","4":"has-post-thumbnail","6":"product_cat-huiles-essentielles","7":"product_cat-huiles-essentielles-fr","8":"description-off","10":"first","11":"instock","12":"shipping-taxable","13":"purchasable","14":"product-type-simple"},"_links":{"self":[{"href":"https:\/\/aromaticus.ch\/fr\/wp-json\/wp\/v2\/product\/2025","targetHints":{"allow":["GET"]}}],"collection":[{"href":"https:\/\/aromaticus.ch\/fr\/wp-json\/wp\/v2\/product"}],"about":[{"href":"https:\/\/aromaticus.ch\/fr\/wp-json\/wp\/v2\/types\/product"}],"replies":[{"embeddable":true,"href":"https:\/\/aromaticus.ch\/fr\/wp-json\/wp\/v2\/comments?post=2025"}],"wp:featuredmedia":[{"embeddable":true,"href":"https:\/\/aromaticus.ch\/fr\/wp-json\/wp\/v2\/media\/1629"}],"wp:attachment":[{"href":"https:\/\/aromaticus.ch\/fr\/wp-json\/wp\/v2\/media?parent=2025"}],"wp:term":[{"taxonomy":"product_brand","embeddable":true,"href":"https:\/\/aromaticus.ch\/fr\/wp-json\/wp\/v2\/product_brand?post=2025"},{"taxonomy":"product_cat","embeddable":true,"href":"https:\/\/aromaticus.ch\/fr\/wp-json\/wp\/v2\/product_cat?post=2025"},{"taxonomy":"product_tag","embeddable":true,"href":"https:\/\/aromaticus.ch\/fr\/wp-json\/wp\/v2\/product_tag?post=2025"}],"curies":[{"name":"wp","href":"https:\/\/api.w.org\/{rel}","templated":true}]}}