{"id":2047,"date":"2018-11-30T11:22:54","date_gmt":"2018-11-30T11:22:54","guid":{"rendered":"http:\/\/aromaticus.ch\/produkt\/baume-de-tolu-80\/"},"modified":"2024-02-16T07:41:11","modified_gmt":"2024-02-16T07:41:11","slug":"baume-de-tolu-80","status":"publish","type":"product","link":"https:\/\/aromaticus.ch\/fr\/produit\/baume-de-tolu-80\/","title":{"rendered":"Baume de Tolu 80%"},"content":{"rendered":"<p>Huile essentielle 100% pure et naturelle<\/p>\n<p><strong>Nom botanique:\u00a0<\/strong>Myroxylon balsamum dans l&rsquo;alcool<\/p>\n<p><strong>100% pure naturelle\u00a0<\/strong>&#8211; Garanti une qualit\u00e9 bio maximale<\/p>\n<p><strong>Profil de l\u2019odeur:\u00a0<\/strong>balsamique, bois\u00e9, doux, chaud, plein, rappele la vanille<\/p>\n<p><strong>Sujet du parfum:\u00a0<\/strong>stimulant, incite l\u2019inspiration et l\u2019imagination, aphrodisiaque<\/p>\n<p><strong>Se m\u00e9lange bien avec:\u00a0<\/strong>Miel, Vanille, Huiles de fleurs, Conif\u00e8re<\/p>\n<p><strong>Provenance:\u00a0<\/strong>N\u00e9pal<\/p>\n<p><strong>Qualit\u00e9:\u00a0<\/strong>Absolue<\/p>\n<p><strong>Partie de la plante:\u00a0<\/strong>r\u00e9sine<\/p>\n<p><strong>Extraction:\u00a0<\/strong>avec de l&rsquo;alcool<\/p>\n<p><strong>Contenue:\u00a0<\/strong>5 ml<\/p>\n<p><strong>Application:\u00a0<\/strong>Pour les soins aromatiques et comme parfum d\u2019ambiance. Pour les usages en aromath\u00e9rapie, veuillez consulter les ouvrages sp\u00e9cialis\u00e9 ou demander v\u00f4tre Droguiste ou Pharmacien.<\/p>\n<p>&nbsp;<\/p>\n","protected":false},"excerpt":{"rendered":"<p>Huile essentielle 100% pure et naturelle Nom botanique:\u00a0Myroxylon balsamum dans l&rsquo;alcool 100% pure naturelle\u00a0&#8211; Garanti une qualit\u00e9 bio maximale Profil de l\u2019odeur:\u00a0balsamique, bois\u00e9, doux, chaud, plein, rappele la vanille Sujet du parfum:\u00a0stimulant, incite l\u2019inspiration et l\u2019imagination, aphrodisiaque Se m\u00e9lange bien avec:\u00a0Miel, Vanille, Huiles de fleurs, Conif\u00e8re Provenance:\u00a0N\u00e9pal Qualit\u00e9:\u00a0Absolue Partie de la plante:\u00a0r\u00e9sine Extraction:\u00a0avec de l&rsquo;alcool&hellip;<\/p>\n","protected":false},"featured_media":1607,"comment_status":"open","ping_status":"closed","template":"","meta":[],"product_brand":[],"product_cat":[77,115],"product_tag":[],"class_list":{"0":"post-2047","1":"product","2":"type-product","3":"status-publish","4":"has-post-thumbnail","6":"product_cat-huiles-essentielles","7":"product_cat-huiles-essentielles-fr","8":"description-off","10":"first","11":"outofstock","12":"shipping-taxable","13":"purchasable","14":"product-type-simple"},"_links":{"self":[{"href":"https:\/\/aromaticus.ch\/fr\/wp-json\/wp\/v2\/product\/2047","targetHints":{"allow":["GET"]}}],"collection":[{"href":"https:\/\/aromaticus.ch\/fr\/wp-json\/wp\/v2\/product"}],"about":[{"href":"https:\/\/aromaticus.ch\/fr\/wp-json\/wp\/v2\/types\/product"}],"replies":[{"embeddable":true,"href":"https:\/\/aromaticus.ch\/fr\/wp-json\/wp\/v2\/comments?post=2047"}],"wp:featuredmedia":[{"embeddable":true,"href":"https:\/\/aromaticus.ch\/fr\/wp-json\/wp\/v2\/media\/1607"}],"wp:attachment":[{"href":"https:\/\/aromaticus.ch\/fr\/wp-json\/wp\/v2\/media?parent=2047"}],"wp:term":[{"taxonomy":"product_brand","embeddable":true,"href":"https:\/\/aromaticus.ch\/fr\/wp-json\/wp\/v2\/product_brand?post=2047"},{"taxonomy":"product_cat","embeddable":true,"href":"https:\/\/aromaticus.ch\/fr\/wp-json\/wp\/v2\/product_cat?post=2047"},{"taxonomy":"product_tag","embeddable":true,"href":"https:\/\/aromaticus.ch\/fr\/wp-json\/wp\/v2\/product_tag?post=2047"}],"curies":[{"name":"wp","href":"https:\/\/api.w.org\/{rel}","templated":true}]}}