{"id":2054,"date":"2018-11-30T11:37:34","date_gmt":"2018-11-30T11:37:34","guid":{"rendered":"http:\/\/aromaticus.ch\/produkt\/angelique-bio\/"},"modified":"2018-11-30T11:37:34","modified_gmt":"2018-11-30T11:37:34","slug":"angelique-bio","status":"publish","type":"product","link":"https:\/\/aromaticus.ch\/fr\/produit\/angelique-bio\/","title":{"rendered":"Ang\u00e9lique bio"},"content":{"rendered":"<p>Huile essentielle 100% pure et naturelle<\/p>\n<p><strong>Nom botanique:\u00a0<\/strong>Angelica archangelica<\/p>\n<p><strong>100% pure naturelle\u00a0<\/strong>&#8211; Garanti une qualit\u00e9 bio maximale<\/p>\n<p><strong>CH-BIO 006<\/strong><\/p>\n<p><strong>Profil de l\u2019odeur:<\/strong>\u00a0\u00e9pic\u00e9, terreux-musqu\u00e9<\/p>\n<p><strong>Sujet du parfum:\u00a0<\/strong>calmant, tonifiant, terreux, prot\u00e9geant<\/p>\n<p><strong>Se m\u00e9lange bien avec:\u00a0<\/strong>Bergamote, Sauge scarl\u00e9e, Gen\u00e9vrier<\/p>\n<p><strong>Provenance:\u00a0<\/strong>France<\/p>\n<p><strong>Qualit\u00e9:<\/strong>\u00a0Production biologique contr\u00f4l\u00e9e<\/p>\n<p><strong>Partie de la plante:\u00a0<\/strong>racine<\/p>\n<p><strong>Extraction:\u00a0<\/strong>Distillation \u00e0 la vapeur d&rsquo;eau<\/p>\n<p><strong>Contenue:\u00a0<\/strong>1 ml<\/p>\n<p><strong>Application:\u00a0<\/strong>Pour les soins aromatiques et comme parfum d\u2019ambiance. Pour les usages en aromath\u00e9rapie, veuillez consulter les ouvrages sp\u00e9cialis\u00e9 ou demander v\u00f4tre Droguiste ou Pharmacien.<\/p>\n","protected":false},"excerpt":{"rendered":"<p>Huile essentielle 100% pure et naturelle Nom botanique:\u00a0Angelica archangelica 100% pure naturelle\u00a0&#8211; Garanti une qualit\u00e9 bio maximale CH-BIO 006 Profil de l\u2019odeur:\u00a0\u00e9pic\u00e9, terreux-musqu\u00e9 Sujet du parfum:\u00a0calmant, tonifiant, terreux, prot\u00e9geant Se m\u00e9lange bien avec:\u00a0Bergamote, Sauge scarl\u00e9e, Gen\u00e9vrier Provenance:\u00a0France Qualit\u00e9:\u00a0Production biologique contr\u00f4l\u00e9e Partie de la plante:\u00a0racine Extraction:\u00a0Distillation \u00e0 la vapeur d&rsquo;eau Contenue:\u00a01 ml Application:\u00a0Pour les soins aromatiques&hellip;<\/p>\n","protected":false},"featured_media":1460,"comment_status":"open","ping_status":"closed","template":"","meta":[],"product_brand":[],"product_cat":[115,77],"product_tag":[],"class_list":{"0":"post-2054","1":"product","2":"type-product","3":"status-publish","4":"has-post-thumbnail","6":"product_cat-huiles-essentielles-fr","7":"product_cat-huiles-essentielles","8":"description-off","10":"first","11":"instock","12":"shipping-taxable","13":"purchasable","14":"product-type-simple"},"_links":{"self":[{"href":"https:\/\/aromaticus.ch\/fr\/wp-json\/wp\/v2\/product\/2054","targetHints":{"allow":["GET"]}}],"collection":[{"href":"https:\/\/aromaticus.ch\/fr\/wp-json\/wp\/v2\/product"}],"about":[{"href":"https:\/\/aromaticus.ch\/fr\/wp-json\/wp\/v2\/types\/product"}],"replies":[{"embeddable":true,"href":"https:\/\/aromaticus.ch\/fr\/wp-json\/wp\/v2\/comments?post=2054"}],"wp:featuredmedia":[{"embeddable":true,"href":"https:\/\/aromaticus.ch\/fr\/wp-json\/wp\/v2\/media\/1460"}],"wp:attachment":[{"href":"https:\/\/aromaticus.ch\/fr\/wp-json\/wp\/v2\/media?parent=2054"}],"wp:term":[{"taxonomy":"product_brand","embeddable":true,"href":"https:\/\/aromaticus.ch\/fr\/wp-json\/wp\/v2\/product_brand?post=2054"},{"taxonomy":"product_cat","embeddable":true,"href":"https:\/\/aromaticus.ch\/fr\/wp-json\/wp\/v2\/product_cat?post=2054"},{"taxonomy":"product_tag","embeddable":true,"href":"https:\/\/aromaticus.ch\/fr\/wp-json\/wp\/v2\/product_tag?post=2054"}],"curies":[{"name":"wp","href":"https:\/\/api.w.org\/{rel}","templated":true}]}}