{"id":2080,"date":"2018-12-20T13:35:38","date_gmt":"2018-12-20T13:35:38","guid":{"rendered":"http:\/\/aromaticus.ch\/produkt\/papier-testeur-bloc-a-100-pieces\/"},"modified":"2025-12-08T10:21:53","modified_gmt":"2025-12-08T10:21:53","slug":"papier-testeur-bloc-a-100-pieces","status":"publish","type":"product","link":"https:\/\/aromaticus.ch\/fr\/produit\/papier-testeur-bloc-a-100-pieces\/","title":{"rendered":"Touche de Parfumeur \/ Papier-testeur (bloc \u00e0 100 pi\u00e8ces)"},"content":{"rendered":"<p><strong>Des bandes de parfum fiables, pour tous les endroits o\u00f9 les parfums doivent \u00eatre jug\u00e9s en toute s\u00e9curit\u00e9.<\/strong><span class=\"Apple-converted-space\">\u00a0 <\/span><\/p>\n<p>Le papier rigide qui poss\u00e8de des micropores les plus fins, conserve le parfum tr\u00e8s longtemps et authentique.<span class=\"Apple-converted-space\">\u00a0<\/span><\/p>\n<p>format: 19.4 x 124.0 mm<\/p>\n<p>Lot \u00e0 100 pi\u00e8ces,<\/p>\n","protected":false},"excerpt":{"rendered":"<p>Des bandes de parfum fiables, pour tous les endroits o\u00f9 les parfums doivent \u00eatre jug\u00e9s en toute s\u00e9curit\u00e9.\u00a0 Le papier rigide qui poss\u00e8de des micropores les plus fins, conserve le parfum tr\u00e8s longtemps et authentique.\u00a0 format: 19.4 x 124.0 mm Lot \u00e0 100 pi\u00e8ces,<\/p>\n","protected":false},"featured_media":2078,"comment_status":"closed","ping_status":"closed","template":"","meta":[],"product_brand":[],"product_cat":[80,130],"product_tag":[],"class_list":{"0":"post-2080","1":"product","2":"type-product","3":"status-publish","4":"has-post-thumbnail","6":"product_cat-accessoires","7":"product_cat-accessoires-fr-2","8":"description-off","10":"first","11":"instock","12":"shipping-taxable","13":"purchasable","14":"product-type-simple"},"_links":{"self":[{"href":"https:\/\/aromaticus.ch\/fr\/wp-json\/wp\/v2\/product\/2080","targetHints":{"allow":["GET"]}}],"collection":[{"href":"https:\/\/aromaticus.ch\/fr\/wp-json\/wp\/v2\/product"}],"about":[{"href":"https:\/\/aromaticus.ch\/fr\/wp-json\/wp\/v2\/types\/product"}],"replies":[{"embeddable":true,"href":"https:\/\/aromaticus.ch\/fr\/wp-json\/wp\/v2\/comments?post=2080"}],"wp:featuredmedia":[{"embeddable":true,"href":"https:\/\/aromaticus.ch\/fr\/wp-json\/wp\/v2\/media\/2078"}],"wp:attachment":[{"href":"https:\/\/aromaticus.ch\/fr\/wp-json\/wp\/v2\/media?parent=2080"}],"wp:term":[{"taxonomy":"product_brand","embeddable":true,"href":"https:\/\/aromaticus.ch\/fr\/wp-json\/wp\/v2\/product_brand?post=2080"},{"taxonomy":"product_cat","embeddable":true,"href":"https:\/\/aromaticus.ch\/fr\/wp-json\/wp\/v2\/product_cat?post=2080"},{"taxonomy":"product_tag","embeddable":true,"href":"https:\/\/aromaticus.ch\/fr\/wp-json\/wp\/v2\/product_tag?post=2080"}],"curies":[{"name":"wp","href":"https:\/\/api.w.org\/{rel}","templated":true}]}}