{"id":2099,"date":"2019-01-11T10:40:49","date_gmt":"2019-01-11T10:40:49","guid":{"rendered":"http:\/\/aromaticus.ch\/produkt\/distille-alquitara-coppergarden\/"},"modified":"2024-09-04T05:51:35","modified_gmt":"2024-09-04T05:51:35","slug":"distille-alquitara-coppergarden","status":"publish","type":"product","link":"https:\/\/aromaticus.ch\/fr\/produit\/distille-alquitara-coppergarden\/","title":{"rendered":"Alambic Alquitara \u201eCopperGarden\u00ae\u201c 3 litre"},"content":{"rendered":"<p>Alambic 3 litre pour la fabrication des huiles essentielles et hydrolats.<\/p>\n<p>Largeur: env. 270 mm<\/p>\n<p>Profondeur: env. 220 mm<\/p>\n<p>Hauteur: env. 400 mm<\/p>\n<p>Volume de la chaudi\u00e8re: env. 3000 ml<\/p>\n<p>Taille de la chaudi\u00e8re: 590 mm<\/p>\n<p>Diam\u00e8tre du sol: 17.5 mm<\/p>\n<p>Poids du cuivre: env. 2120 g<\/p>\n<p>Diam\u00e8tre du tuyau pour le refroidisseur: 12 x 16 mm (E-6232)<\/p>\n<p>&nbsp;<\/p>\n<p><strong>R\u00e8glement des pays:<\/strong><\/p>\n<p><strong>Suisse<\/strong>: l\u00e9gal, sans demande douani\u00e8re<\/p>\n<p><strong>Allemagne<\/strong>: demande douani\u00e8re pour la fabrication des huiles \u00a0 \u00a0 \u00a0 \u00a0 \u00a0 essentielles<\/p>\n<p><strong>Autriche:\u00a0<\/strong>demande douani\u00e8re pour la fabrication des huiles \u00a0 \u00a0 \u00a0 \u00a0 \u00a0 essentielles<\/p>\n<p>&nbsp;<\/p>\n","protected":false},"excerpt":{"rendered":"<p>Alambic 3 litre pour la fabrication des huiles essentielles et hydrolats. Largeur: env. 270 mm Profondeur: env. 220 mm Hauteur: env. 400 mm Volume de la chaudi\u00e8re: env. 3000 ml Taille de la chaudi\u00e8re: 590 mm Diam\u00e8tre du sol: 17.5 mm Poids du cuivre: env. 2120 g Diam\u00e8tre du tuyau pour le refroidisseur: 12 x&hellip;<\/p>\n","protected":false},"featured_media":2101,"comment_status":"closed","ping_status":"closed","template":"","meta":[],"product_brand":[],"product_cat":[132],"product_tag":[],"class_list":{"0":"post-2099","1":"product","2":"type-product","3":"status-publish","4":"has-post-thumbnail","6":"product_cat-alambic","7":"description-off","9":"first","10":"outofstock","11":"sale","12":"shipping-taxable","13":"purchasable","14":"product-type-simple"},"_links":{"self":[{"href":"https:\/\/aromaticus.ch\/fr\/wp-json\/wp\/v2\/product\/2099","targetHints":{"allow":["GET"]}}],"collection":[{"href":"https:\/\/aromaticus.ch\/fr\/wp-json\/wp\/v2\/product"}],"about":[{"href":"https:\/\/aromaticus.ch\/fr\/wp-json\/wp\/v2\/types\/product"}],"replies":[{"embeddable":true,"href":"https:\/\/aromaticus.ch\/fr\/wp-json\/wp\/v2\/comments?post=2099"}],"wp:featuredmedia":[{"embeddable":true,"href":"https:\/\/aromaticus.ch\/fr\/wp-json\/wp\/v2\/media\/2101"}],"wp:attachment":[{"href":"https:\/\/aromaticus.ch\/fr\/wp-json\/wp\/v2\/media?parent=2099"}],"wp:term":[{"taxonomy":"product_brand","embeddable":true,"href":"https:\/\/aromaticus.ch\/fr\/wp-json\/wp\/v2\/product_brand?post=2099"},{"taxonomy":"product_cat","embeddable":true,"href":"https:\/\/aromaticus.ch\/fr\/wp-json\/wp\/v2\/product_cat?post=2099"},{"taxonomy":"product_tag","embeddable":true,"href":"https:\/\/aromaticus.ch\/fr\/wp-json\/wp\/v2\/product_tag?post=2099"}],"curies":[{"name":"wp","href":"https:\/\/api.w.org\/{rel}","templated":true}]}}