{"id":2144,"date":"2019-04-02T14:15:27","date_gmt":"2019-04-02T14:15:27","guid":{"rendered":"http:\/\/aromaticus.ch\/produkt\/filet-de-sechage-dry-net-80\/"},"modified":"2019-04-02T14:15:27","modified_gmt":"2019-04-02T14:15:27","slug":"filet-de-sechage-dry-net-80","status":"publish","type":"product","link":"https:\/\/aromaticus.ch\/fr\/produit\/filet-de-sechage-dry-net-80\/","title":{"rendered":"Filet de s\u00e9chage &#8211; Dry Net 80"},"content":{"rendered":"<p id=\"tw-target-text\" class=\"tw-data-text tw-ta tw-text-medium\" dir=\"ltr\"><span lang=\"fr\">Pour s\u00e9cher des herbes, fleurs \u00e9pices et fruits<\/span><\/p>\n<p dir=\"ltr\">L\u00e9ger et pliable<\/p>\n<ul>\n<li>Diam\u00e8tre: env. 65 cm<\/li>\n<li>Hauteur: 140 cm<\/li>\n<li>5 \u00c9tages<\/li>\n<li>Hauteur entre les \u00e9tages: 20 cm<\/li>\n<li>Poids: 1 kg<\/li>\n<li>Compartiment: jusqu\u2019\u00e0 max. 5 kg<\/li>\n<li>Mati\u00e8re: synth\u00e9tique<\/li>\n<li>Compl\u00e8tement lavable<\/li>\n<li>Pi\u00e8ces par paquet: 1<\/li>\n<li>Tutoriel-Video: https:\/\/youtu.be\/HS-Zn97iCm8<\/li>\n<\/ul>\n","protected":false},"excerpt":{"rendered":"<p>Pour s\u00e9cher des herbes, fleurs \u00e9pices et fruits L\u00e9ger et pliable Diam\u00e8tre: env. 65 cm Hauteur: 140 cm 5 \u00c9tages Hauteur entre les \u00e9tages: 20 cm Poids: 1 kg Compartiment: jusqu\u2019\u00e0 max. 5 kg Mati\u00e8re: synth\u00e9tique Compl\u00e8tement lavable Pi\u00e8ces par paquet: 1 Tutoriel-Video: https:\/\/youtu.be\/HS-Zn97iCm8<\/p>\n","protected":false},"featured_media":2136,"comment_status":"closed","ping_status":"closed","template":"","meta":[],"product_brand":[],"product_cat":[130],"product_tag":[],"class_list":{"0":"post-2144","1":"product","2":"type-product","3":"status-publish","4":"has-post-thumbnail","6":"product_cat-accessoires-fr-2","7":"description-off","9":"first","10":"instock","11":"shipping-taxable","12":"purchasable","13":"product-type-simple"},"_links":{"self":[{"href":"https:\/\/aromaticus.ch\/fr\/wp-json\/wp\/v2\/product\/2144","targetHints":{"allow":["GET"]}}],"collection":[{"href":"https:\/\/aromaticus.ch\/fr\/wp-json\/wp\/v2\/product"}],"about":[{"href":"https:\/\/aromaticus.ch\/fr\/wp-json\/wp\/v2\/types\/product"}],"replies":[{"embeddable":true,"href":"https:\/\/aromaticus.ch\/fr\/wp-json\/wp\/v2\/comments?post=2144"}],"wp:featuredmedia":[{"embeddable":true,"href":"https:\/\/aromaticus.ch\/fr\/wp-json\/wp\/v2\/media\/2136"}],"wp:attachment":[{"href":"https:\/\/aromaticus.ch\/fr\/wp-json\/wp\/v2\/media?parent=2144"}],"wp:term":[{"taxonomy":"product_brand","embeddable":true,"href":"https:\/\/aromaticus.ch\/fr\/wp-json\/wp\/v2\/product_brand?post=2144"},{"taxonomy":"product_cat","embeddable":true,"href":"https:\/\/aromaticus.ch\/fr\/wp-json\/wp\/v2\/product_cat?post=2144"},{"taxonomy":"product_tag","embeddable":true,"href":"https:\/\/aromaticus.ch\/fr\/wp-json\/wp\/v2\/product_tag?post=2144"}],"curies":[{"name":"wp","href":"https:\/\/api.w.org\/{rel}","templated":true}]}}